{"id":7,"date":"2020-11-04T20:40:13","date_gmt":"2020-11-04T20:40:13","guid":{"rendered":"https:\/\/letto.at\/wordpress\/?page_id=7"},"modified":"2025-04-14T18:51:22","modified_gmt":"2025-04-14T18:51:22","slug":"uber-uns","status":"publish","type":"page","link":"https:\/\/build.letto.at\/wordpress\/index.php\/uber-uns\/","title":{"rendered":"\u00dcber uns"},"content":{"rendered":"\n<blockquote class=\"wp-block-quote is-layout-flow wp-block-quote-is-layout-flow\">\n<p><\/p>\n<\/blockquote>\n\n\n\n<figure class=\"wp-block-pullquote\"><blockquote><p>Ihr Auto ist kaputt? Gehen Sie zum Mechaniker!<br>Ihr Kind ist krank? Gehen Sie zum Kinderarzt!<br>Sie wollen eine MINT-Lernplattform entwickeln?<br>Fragen Sie die Lehrer- und Sch\u00fclerschaft,<br>denn sie wissen wie lernen funktioniert!<\/p><cite>Daniel J. Asch-Goiser<\/cite><\/blockquote><\/figure>\n\n\n\n<p>Vor 2010 waren Frust, \u00c4rger und das Gef\u00fchl der zeitlichen Ineffizienz permanenter Begleiter der Professoren im Zuge der MINT-Content-Erstellung auf der einst eingesetzten digitalen Lernplattform. Fehlende Funktionen wie bspw. die vollst\u00e4ndige Einheitenrechnung oder Folgefehlerbehandlung verhinderten die Umsetzung spezieller didaktisch p\u00e4dagogischer Konzepte &#8211; &#8222;Zum Gl\u00fcck, wie viele LeTTorianer heute meinen&#8220;.<\/p>\n\n\n\n<p><\/p>\n\n\n\n<h2 class=\"wp-block-heading\">Die Geschichte einer Software namens LeTTo<\/h2>\n\n\n\n<p class=\"has-text-align-justify\">Ausgangspunkt der LeTTo-Entwicklung war ein Tool namens MakeMoodle. Dieses erm\u00f6glichte Lehrinhalte au\u00dferhalb der Moodle-Plattform zeiteffizienter zu erstellen als auf Moodle selbst. Diese Fragen\/Aufgaben\/Inhalte wurden nachtr\u00e4glich \u00fcber XML-Files in Moodle importiert.<br>Das enge didaktische Korsett gepaart mit suboptimaler System-Haptik sowie die fehlende Usability der Lernplattform, motivierten die Entwickler zur vollst\u00e4ndigen autonomen LeTTo-Programmierung &#8211; die Geburtsstunde von LeTTo. <\/p>\n\n\n\n<p>LeTTo wurde 2010 bis 2021 von den erfahrenen Professoren Thomas Mayer und Werner Damb\u00f6ck ehrenamtlich entwickelt. Interessierte und von LeTTo begeisterte Kollegen aus den HTLs steuerten damals bereits wertvolle Impuls zur Ausrichtung der Entwicklung bei. Tausende Sch\u00fclerinnen und Sch\u00fclern profitierten damals bereits vom LeTToeinsatz. \u00dcber Jahre lieferten Dutzende Lehrerinnen und Lehrer aus ganz \u00d6sterreich (=LeTTorianer) mit ihren konstruktiven Kritiken und p\u00e4dagogischen Ideen wertvolle Vorschl\u00e4ge, wie LeTTo die Lernraten von Lernenden weiter anheben kann &#8211; siehe <a href=\"https:\/\/build.letto.at\/wordpress\/index.php\/2022\/06\/10\/lbs-stockerau-letto-effekt\/\">LeTTo-Effekt<\/a>. Bis heute dienen diese Vorschl\u00e4ge und vor allem die permanente R\u00fcckmeldungen der Lernenden &#8211; Sch\u00fclerinnen und Sch\u00fcler &#8211; als Basis der LeTTo-Entwicklung.<\/p>\n\n\n\n<p>LeTTo ist ein auf MINT-F\u00e4cher optimiertes Tool. Entsprechend etablierte sich LeTTo anfangs sehr schnell in den HTLs. Die einzigartige Usability erlaubt den Einsatz nachweislich vom Kindergarten bis in den universit\u00e4ren Bereich. <\/p>\n\n\n\n<p>F\u00fcr uns ist LeTTo mittlerweile mehr als nur eine MINT-Lernplattform. LeTTo bietet uns als Lehrkr\u00e4ften die M\u00f6glichkeit der ortsungebunden und besonders die schulstandort\u00fcbergreifenden Zusammenarbeit &#8211; das spart Zeit und Nerven und R\u00e4der werden nicht mehr neu erfunden. Ein Netzwerk unter Lehrerinnen und Lehrern ist entstanden. Dieses f\u00f6rdert den didaktisch p\u00e4dagogischen Austausch. Die steigenden Besucherzahlen der j\u00e4hrlichen LeTTo-MINT-Offensive (LeTTo-User-Meeting) zeugen von der Bedeutung des Netzwerks. LeTTorianer profitieren von den vielen entstandenen Freundschaften und den fachlichen Austausch zwischen den Lehrk\u00f6rpern unterschiedlichster Bildungseinrichtungen, die LeTTo mit sich bringt &#8211; davon profitieren langfristig die Sch\u00fclerinnen und Sch\u00fcler.<\/p>\n\n\n\n<p>Im Sinne einer langfristigen Planung bzw. Digitalisierungsstrategie dr\u00e4ngten die LeTTorianer die Entwickler zur Firmengr\u00fcndung. 2021 wurde die anfangs ehrenamtliche Entwicklung von LeTTo in die Gr\u00fcndung der LeTTo GmbH von Thomas Mayer, Werner Damb\u00f6ck und Daniel Asch-Goiser \u00fcbergef\u00fchrt und ein Lizenzmodell definiert. <\/p>\n\n\n\n<p>Im J\u00e4nner 2022 wurden vom LeTTo-Trainer-Stab (Ronald Spilka und Felix Pfahler) ein Seminar &#8222;Train the Trainer&#8220; abgehalten. Im Zuge der Lehrerfortbildung der P\u00e4dagogischen Hochschule Nieder\u00f6sterreich wurden Lehrerinnen und Lehrer durch das standardisierte LeTTo-Schulungsprogramm gef\u00fchrt und zum LeTTo-Trainer ausgebildet, welche wiederum selbst Schulungen abhalten &#8211; Danke f\u00fcr euren pers\u00f6nlichen Einsatz!<\/p>\n\n\n\n<p>Abseits von Bildungseinrichtungen wird LeTTo im Bereich der Privatwirtschaft zur innerbetrieblichen Aus- und Weiterbildung bzw. Recruiting genutzt.<\/p>\n\n\n\n<p>Wir bedanken uns bei unseren Sponsoren f\u00fcr die Unterst\u00fctzung. Ihr akademischer Weitblick erlaubt der LeTTo GmbH die Lizenzkosten f\u00fcr Schulen weiterhin niedrig zu halten  &#8211; <strong>Danke im Namen ihrer zuk\u00fcnftigen Arbeitnehmerinnen und Arbeitnehmer.<\/strong><\/p>\n\n\n\n<div style=\"height:82px\" aria-hidden=\"true\" class=\"wp-block-spacer\"><\/div>\n\n\n\n<div class=\"wp-block-columns is-layout-flex wp-container-core-columns-is-layout-28f84493 wp-block-columns-is-layout-flex\">\n<div class=\"wp-block-column is-layout-flow wp-block-column-is-layout-flow\" style=\"flex-basis:33.33%\">\n<figure class=\"wp-block-image aligncenter size-full is-resized is-style-rounded\"><img data-recalc-dims=\"1\" loading=\"lazy\" decoding=\"async\" width=\"458\" height=\"559\" src=\"https:\/\/i0.wp.com\/build.letto.at\/wordpress\/wp-content\/uploads\/2025\/04\/Asch_Goiser_HTL_FOTO_Lehrer-1.jpeg?resize=458%2C559&#038;ssl=1\" alt=\"\" class=\"wp-image-3399\" style=\"width:257px;height:auto\" srcset=\"https:\/\/i0.wp.com\/build.letto.at\/wordpress\/wp-content\/uploads\/2025\/04\/Asch_Goiser_HTL_FOTO_Lehrer-1.jpeg?w=458&amp;ssl=1 458w, https:\/\/i0.wp.com\/build.letto.at\/wordpress\/wp-content\/uploads\/2025\/04\/Asch_Goiser_HTL_FOTO_Lehrer-1.jpeg?resize=246%2C300&amp;ssl=1 246w\" sizes=\"auto, (max-width: 458px) 100vw, 458px\" \/><\/figure>\n<\/div>\n\n\n\n<div class=\"wp-block-column is-layout-flow wp-block-column-is-layout-flow\" style=\"flex-basis:66.66%\">\n<p class=\"has-large-font-size\">DI Mag. Dr. <strong>Daniel Asch<\/strong>&#8211;<strong>Goiser<\/strong><\/p>\n\n\n\n<p class=\"has-medium-font-size\">LeTTo &#8211; Gesch\u00e4ftsf\u00fchrer &amp; Verkauf, HTL-Professor<\/p>\n\n\n\n<p class=\"has-medium-font-size\">mail: <a href=\"mailto:daniel.asch@letto.at\">daniel.asch@letto.at<\/a><\/p>\n<\/div>\n<\/div>\n\n\n\n<div style=\"height:82px\" aria-hidden=\"true\" class=\"wp-block-spacer\"><\/div>\n\n\n\n<div class=\"wp-block-columns is-layout-flex wp-container-core-columns-is-layout-28f84493 wp-block-columns-is-layout-flex\">\n<div class=\"wp-block-column is-layout-flow wp-block-column-is-layout-flow\" style=\"flex-basis:33.33%\">\n<figure class=\"wp-block-image aligncenter size-large is-resized is-style-rounded\"><img data-recalc-dims=\"1\" loading=\"lazy\" decoding=\"async\" width=\"480\" height=\"640\" src=\"https:\/\/i0.wp.com\/build.letto.at\/wordpress\/wp-content\/uploads\/2020\/11\/DAMB1-1.jpg?resize=480%2C640&#038;ssl=1\" alt=\"\" class=\"wp-image-583\" style=\"width:240px;height:320px\" srcset=\"https:\/\/i0.wp.com\/build.letto.at\/wordpress\/wp-content\/uploads\/2020\/11\/DAMB1-1.jpg?w=480&amp;ssl=1 480w, https:\/\/i0.wp.com\/build.letto.at\/wordpress\/wp-content\/uploads\/2020\/11\/DAMB1-1.jpg?resize=225%2C300&amp;ssl=1 225w\" sizes=\"auto, (max-width: 480px) 100vw, 480px\" \/><\/figure>\n<\/div>\n\n\n\n<div class=\"wp-block-column is-layout-flow wp-block-column-is-layout-flow\" style=\"flex-basis:66.66%\">\n<p class=\"has-large-font-size\">DI <strong>Werner Damb\u00f6ck<\/strong><\/p>\n\n\n\n<p class=\"has-medium-font-size\">LeTTo &#8211; Entwickler, HTL-Professor<\/p>\n\n\n\n<p class=\"has-medium-font-size\">mail: <a href=\"mailto:werner.damboeck@letto.at\">werner.damboeck@letto.at<\/a><\/p>\n<\/div>\n<\/div>\n\n\n\n<div style=\"height:82px\" aria-hidden=\"true\" class=\"wp-block-spacer\"><\/div>\n\n\n\n<div class=\"wp-block-columns is-layout-flex wp-container-core-columns-is-layout-28f84493 wp-block-columns-is-layout-flex\">\n<div class=\"wp-block-column is-layout-flow wp-block-column-is-layout-flow\" style=\"flex-basis:33.33%\">\n<figure class=\"wp-block-image aligncenter size-large is-resized is-style-rounded\"><img data-recalc-dims=\"1\" loading=\"lazy\" decoding=\"async\" width=\"480\" height=\"640\" src=\"https:\/\/i0.wp.com\/build.letto.at\/wordpress\/wp-content\/uploads\/2020\/11\/MAYT1.jpg?resize=480%2C640&#038;ssl=1\" alt=\"\" class=\"wp-image-586\" style=\"width:240px;height:320px\" srcset=\"https:\/\/i0.wp.com\/build.letto.at\/wordpress\/wp-content\/uploads\/2020\/11\/MAYT1.jpg?w=480&amp;ssl=1 480w, https:\/\/i0.wp.com\/build.letto.at\/wordpress\/wp-content\/uploads\/2020\/11\/MAYT1.jpg?resize=225%2C300&amp;ssl=1 225w\" sizes=\"auto, (max-width: 480px) 100vw, 480px\" \/><\/figure>\n<\/div>\n\n\n\n<div class=\"wp-block-column is-layout-flow wp-block-column-is-layout-flow\" style=\"flex-basis:66.66%\">\n<p class=\"has-large-font-size\">DI Dr. <strong>Thomas Mayer<\/strong><\/p>\n\n\n\n<p class=\"has-medium-font-size\">LeTTo &#8211; Entwickler, HTL-Professor<\/p>\n\n\n\n<p class=\"has-medium-font-size\">mail: <a href=\"mailto:thomas.mayer@letto.at\">thomas.mayer@letto.at<\/a><\/p>\n<\/div>\n<\/div>\n\n\n\n<div style=\"height:82px\" aria-hidden=\"true\" class=\"wp-block-spacer\"><\/div>\n\n\n\n<div class=\"wp-block-columns is-layout-flex wp-container-core-columns-is-layout-28f84493 wp-block-columns-is-layout-flex\">\n<div class=\"wp-block-column is-layout-flow wp-block-column-is-layout-flow\">\n<figure class=\"wp-block-image aligncenter size-full is-resized is-style-rounded\"><img data-recalc-dims=\"1\" loading=\"lazy\" decoding=\"async\" width=\"460\" height=\"537\" src=\"https:\/\/i0.wp.com\/build.letto.at\/wordpress\/wp-content\/uploads\/2025\/04\/Ronald_Spilka_HTL_FOTO_Lehrer.jpg?resize=460%2C537&#038;ssl=1\" alt=\"\" class=\"wp-image-3397\" style=\"width:247px;height:auto\" srcset=\"https:\/\/i0.wp.com\/build.letto.at\/wordpress\/wp-content\/uploads\/2025\/04\/Ronald_Spilka_HTL_FOTO_Lehrer.jpg?w=460&amp;ssl=1 460w, https:\/\/i0.wp.com\/build.letto.at\/wordpress\/wp-content\/uploads\/2025\/04\/Ronald_Spilka_HTL_FOTO_Lehrer.jpg?resize=257%2C300&amp;ssl=1 257w\" sizes=\"auto, (max-width: 460px) 100vw, 460px\" \/><\/figure>\n<\/div>\n\n\n\n<div class=\"wp-block-column is-layout-flow wp-block-column-is-layout-flow\" style=\"flex-basis:66.6%\">\n<p class=\"has-large-font-size\">DI <strong>Ronald Spilka<\/strong><\/p>\n\n\n\n<p class=\"has-medium-font-size\">LeTTo &#8211; Schulungsleiter, HTL-Professor<\/p>\n\n\n\n<p class=\"has-medium-font-size\">mail: <a href=\"mailto:daniel.asch@letto.at\">ronald.spilka@letto.at<\/a><\/p>\n<\/div>\n<\/div>\n\n\n\n<div class=\"wp-block-columns is-layout-flex wp-container-core-columns-is-layout-28f84493 wp-block-columns-is-layout-flex\">\n<div class=\"wp-block-column is-layout-flow wp-block-column-is-layout-flow\">\n<div style=\"height:69px\" aria-hidden=\"true\" class=\"wp-block-spacer\"><\/div>\n<\/div>\n<\/div>\n\n\n\n<div class=\"wp-block-media-text alignwide has-media-on-the-right is-stacked-on-mobile\" style=\"grid-template-columns:auto 19%\"><div class=\"wp-block-media-text__content\">\n<p class=\"has-large-font-size\">Erweitertes Team<\/p>\n\n\n\n<p class=\"has-normal-font-size\">Unz\u00e4hlige P\u00e4dagogInnen aus \u00d6sterreich und Deutschland von der Primar- \u00fcber Sekundarstufe bis hin zu Universit\u00e4tsprofessoren und deren Assistenten bereichern mit Ihren didaktisch-p\u00e4dagogischen kreativen Ideen das Projekt <strong>LeTTo<\/strong>.<\/p>\n\n\n\n<p class=\"has-normal-font-size\">Das <strong>LeTTo<\/strong>-Team m\u00f6chte sich an dieser Stelle f\u00fcr die jahrelange Zusammenarbeit bedanken &#8211; <strong>DANKE<\/strong>.<\/p>\n<\/div><figure class=\"wp-block-media-text__media\"><img data-recalc-dims=\"1\" loading=\"lazy\" decoding=\"async\" width=\"278\" height=\"290\" src=\"https:\/\/i0.wp.com\/build.letto.at\/wordpress\/wp-content\/uploads\/2020\/11\/LeTTo_Lehrer-1.jpg?resize=278%2C290&#038;ssl=1\" alt=\"\" class=\"wp-image-264 size-full\"\/><\/figure><\/div>\n","protected":false},"excerpt":{"rendered":"<p>Ihr Auto ist kaputt? Gehen Sie zum Mechaniker!Ihr Kind ist krank? Gehen Sie zum Kinderarzt!Sie wollen eine MINT-Lernplattform entwickeln?Fragen Sie die Lehrer- und Sch\u00fclerschaft,denn sie wissen wie lernen funktioniert! Daniel J. Asch-Goiser Vor 2010 waren Frust, \u00c4rger und das Gef\u00fchl der zeitlichen Ineffizienz permanenter Begleiter der Professoren im Zuge der MINT-Content-Erstellung auf der einst eingesetzten [&hellip;]<\/p>\n","protected":false},"author":3,"featured_media":0,"parent":0,"menu_order":0,"comment_status":"closed","ping_status":"closed","template":"","meta":{"_uag_custom_page_level_css":"","site-sidebar-layout":"default","site-content-layout":"default","ast-site-content-layout":"default","site-content-style":"default","site-sidebar-style":"default","ast-global-header-display":"","ast-banner-title-visibility":"","ast-main-header-display":"","ast-hfb-above-header-display":"","ast-hfb-below-header-display":"","ast-hfb-mobile-header-display":"","site-post-title":"","ast-breadcrumbs-content":"","ast-featured-img":"","footer-sml-layout":"","theme-transparent-header-meta":"default","adv-header-id-meta":"","stick-header-meta":"","header-above-stick-meta":"","header-main-stick-meta":"","header-below-stick-meta":"","astra-migrate-meta-layouts":"set","ast-page-background-enabled":"default","ast-page-background-meta":{"desktop":{"background-color":"","background-image":"","background-repeat":"repeat","background-position":"center center","background-size":"auto","background-attachment":"scroll","background-type":"","background-media":"","overlay-type":"","overlay-color":"","overlay-gradient":""},"tablet":{"background-color":"","background-image":"","background-repeat":"repeat","background-position":"center center","background-size":"auto","background-attachment":"scroll","background-type":"","background-media":"","overlay-type":"","overlay-color":"","overlay-gradient":""},"mobile":{"background-color":"","background-image":"","background-repeat":"repeat","background-position":"center center","background-size":"auto","background-attachment":"scroll","background-type":"","background-media":"","overlay-type":"","overlay-color":"","overlay-gradient":""}},"ast-content-background-meta":{"desktop":{"background-color":"var(--ast-global-color-5)","background-image":"","background-repeat":"repeat","background-position":"center center","background-size":"auto","background-attachment":"scroll","background-type":"","background-media":"","overlay-type":"","overlay-color":"","overlay-gradient":""},"tablet":{"background-color":"var(--ast-global-color-5)","background-image":"","background-repeat":"repeat","background-position":"center center","background-size":"auto","background-attachment":"scroll","background-type":"","background-media":"","overlay-type":"","overlay-color":"","overlay-gradient":""},"mobile":{"background-color":"var(--ast-global-color-5)","background-image":"","background-repeat":"repeat","background-position":"center center","background-size":"auto","background-attachment":"scroll","background-type":"","background-media":"","overlay-type":"","overlay-color":"","overlay-gradient":""}},"footnotes":""},"class_list":["post-7","page","type-page","status-publish","hentry"],"yoast_head":"<!-- This site is optimized with the Yoast SEO plugin v27.4 - https:\/\/yoast.com\/product\/yoast-seo-wordpress\/ -->\n<title>\u00dcber uns &#8211;<\/title>\n<meta name=\"description\" content=\"Das dreik\u00f6pfige LeTTo-Kernteam besteht aus Werner Damb\u00f6ck, Thomas Mayer und Daniel Asch. Alle drei sind HTL-Prof. der HTL St.P\u00f6lten\/Elektrotechnik.\" \/>\n<meta name=\"robots\" content=\"index, follow, max-snippet:-1, max-image-preview:large, max-video-preview:-1\" \/>\n<link rel=\"canonical\" href=\"https:\/\/letto.at\/wordpress\/index.php\/uber-uns\/\" \/>\n<meta property=\"og:locale\" content=\"de_DE\" \/>\n<meta property=\"og:type\" content=\"article\" \/>\n<meta property=\"og:title\" content=\"\u00dcber uns &#8211;\" \/>\n<meta property=\"og:description\" content=\"Das dreik\u00f6pfige LeTTo-Kernteam besteht aus Werner Damb\u00f6ck, Thomas Mayer und Daniel Asch. Alle drei sind HTL-Prof. der HTL St.P\u00f6lten\/Elektrotechnik.\" \/>\n<meta property=\"og:url\" content=\"https:\/\/letto.at\/wordpress\/index.php\/uber-uns\/\" \/>\n<meta property=\"article:modified_time\" content=\"2025-04-14T18:51:22+00:00\" \/>\n<meta property=\"og:image\" content=\"https:\/\/letto.at\/wordpress\/wp-content\/uploads\/2025\/04\/Asch_Goiser_HTL_FOTO_Lehrer-1.jpeg\" \/>\n<meta name=\"twitter:card\" content=\"summary_large_image\" \/>\n<meta name=\"twitter:label1\" content=\"Gesch\u00e4tzte Lesezeit\" \/>\n\t<meta name=\"twitter:data1\" content=\"5 Minuten\" \/>\n<script type=\"application\/ld+json\" class=\"yoast-schema-graph\">{\"@context\":\"https:\\\/\\\/schema.org\",\"@graph\":[{\"@type\":\"WebPage\",\"@id\":\"https:\\\/\\\/letto.at\\\/wordpress\\\/index.php\\\/uber-uns\\\/\",\"url\":\"https:\\\/\\\/letto.at\\\/wordpress\\\/index.php\\\/uber-uns\\\/\",\"name\":\"\u00dcber uns &#8211;\",\"isPartOf\":{\"@id\":\"https:\\\/\\\/letto.at\\\/wordpress\\\/#website\"},\"primaryImageOfPage\":{\"@id\":\"https:\\\/\\\/letto.at\\\/wordpress\\\/index.php\\\/uber-uns\\\/#primaryimage\"},\"image\":{\"@id\":\"https:\\\/\\\/letto.at\\\/wordpress\\\/index.php\\\/uber-uns\\\/#primaryimage\"},\"thumbnailUrl\":\"https:\\\/\\\/build.letto.at\\\/wordpress\\\/wp-content\\\/uploads\\\/2025\\\/04\\\/Asch_Goiser_HTL_FOTO_Lehrer-1.jpeg\",\"datePublished\":\"2020-11-04T20:40:13+00:00\",\"dateModified\":\"2025-04-14T18:51:22+00:00\",\"description\":\"Das dreik\u00f6pfige LeTTo-Kernteam besteht aus Werner Damb\u00f6ck, Thomas Mayer und Daniel Asch. Alle drei sind HTL-Prof. der HTL St.P\u00f6lten\\\/Elektrotechnik.\",\"inLanguage\":\"de-AT\",\"potentialAction\":[{\"@type\":\"ReadAction\",\"target\":[\"https:\\\/\\\/letto.at\\\/wordpress\\\/index.php\\\/uber-uns\\\/\"]}]},{\"@type\":\"ImageObject\",\"inLanguage\":\"de-AT\",\"@id\":\"https:\\\/\\\/letto.at\\\/wordpress\\\/index.php\\\/uber-uns\\\/#primaryimage\",\"url\":\"https:\\\/\\\/i0.wp.com\\\/build.letto.at\\\/wordpress\\\/wp-content\\\/uploads\\\/2025\\\/04\\\/Asch_Goiser_HTL_FOTO_Lehrer-1.jpeg?fit=458%2C559&ssl=1\",\"contentUrl\":\"https:\\\/\\\/i0.wp.com\\\/build.letto.at\\\/wordpress\\\/wp-content\\\/uploads\\\/2025\\\/04\\\/Asch_Goiser_HTL_FOTO_Lehrer-1.jpeg?fit=458%2C559&ssl=1\",\"width\":458,\"height\":559},{\"@type\":\"WebSite\",\"@id\":\"https:\\\/\\\/letto.at\\\/wordpress\\\/#website\",\"url\":\"https:\\\/\\\/letto.at\\\/wordpress\\\/\",\"name\":\"LeTTo - MINT Performer\",\"description\":\"Learning Evaluating Teaching Testing Online\",\"publisher\":{\"@id\":\"https:\\\/\\\/letto.at\\\/wordpress\\\/#organization\"},\"potentialAction\":[{\"@type\":\"SearchAction\",\"target\":{\"@type\":\"EntryPoint\",\"urlTemplate\":\"https:\\\/\\\/letto.at\\\/wordpress\\\/?s={search_term_string}\"},\"query-input\":{\"@type\":\"PropertyValueSpecification\",\"valueRequired\":true,\"valueName\":\"search_term_string\"}}],\"inLanguage\":\"de-AT\"},{\"@type\":\"Organization\",\"@id\":\"https:\\\/\\\/letto.at\\\/wordpress\\\/#organization\",\"name\":\"LeTTo\",\"url\":\"https:\\\/\\\/letto.at\\\/wordpress\\\/\",\"logo\":{\"@type\":\"ImageObject\",\"inLanguage\":\"de-AT\",\"@id\":\"https:\\\/\\\/letto.at\\\/wordpress\\\/#\\\/schema\\\/logo\\\/image\\\/\",\"url\":\"https:\\\/\\\/i0.wp.com\\\/letto.at\\\/wordpress\\\/wp-content\\\/uploads\\\/2020\\\/11\\\/cropped-logo-2.png?fit=600%2C363&ssl=1\",\"contentUrl\":\"https:\\\/\\\/i0.wp.com\\\/letto.at\\\/wordpress\\\/wp-content\\\/uploads\\\/2020\\\/11\\\/cropped-logo-2.png?fit=600%2C363&ssl=1\",\"width\":600,\"height\":363,\"caption\":\"LeTTo\"},\"image\":{\"@id\":\"https:\\\/\\\/letto.at\\\/wordpress\\\/#\\\/schema\\\/logo\\\/image\\\/\"},\"sameAs\":[\"https:\\\/\\\/www.youtube.com\\\/channel\\\/UCykp6jWvn-VCxwhgm7PZ4jw\"]}]}<\/script>\n<!-- \/ Yoast SEO plugin. -->","yoast_head_json":{"title":"\u00dcber uns &#8211;","description":"Das dreik\u00f6pfige LeTTo-Kernteam besteht aus Werner Damb\u00f6ck, Thomas Mayer und Daniel Asch. Alle drei sind HTL-Prof. der HTL St.P\u00f6lten\/Elektrotechnik.","robots":{"index":"index","follow":"follow","max-snippet":"max-snippet:-1","max-image-preview":"max-image-preview:large","max-video-preview":"max-video-preview:-1"},"canonical":"https:\/\/letto.at\/wordpress\/index.php\/uber-uns\/","og_locale":"de_DE","og_type":"article","og_title":"\u00dcber uns &#8211;","og_description":"Das dreik\u00f6pfige LeTTo-Kernteam besteht aus Werner Damb\u00f6ck, Thomas Mayer und Daniel Asch. Alle drei sind HTL-Prof. der HTL St.P\u00f6lten\/Elektrotechnik.","og_url":"https:\/\/letto.at\/wordpress\/index.php\/uber-uns\/","article_modified_time":"2025-04-14T18:51:22+00:00","og_image":[{"url":"https:\/\/letto.at\/wordpress\/wp-content\/uploads\/2025\/04\/Asch_Goiser_HTL_FOTO_Lehrer-1.jpeg","type":"","width":"","height":""}],"twitter_card":"summary_large_image","twitter_misc":{"Gesch\u00e4tzte Lesezeit":"5 Minuten"},"schema":{"@context":"https:\/\/schema.org","@graph":[{"@type":"WebPage","@id":"https:\/\/letto.at\/wordpress\/index.php\/uber-uns\/","url":"https:\/\/letto.at\/wordpress\/index.php\/uber-uns\/","name":"\u00dcber uns &#8211;","isPartOf":{"@id":"https:\/\/letto.at\/wordpress\/#website"},"primaryImageOfPage":{"@id":"https:\/\/letto.at\/wordpress\/index.php\/uber-uns\/#primaryimage"},"image":{"@id":"https:\/\/letto.at\/wordpress\/index.php\/uber-uns\/#primaryimage"},"thumbnailUrl":"https:\/\/build.letto.at\/wordpress\/wp-content\/uploads\/2025\/04\/Asch_Goiser_HTL_FOTO_Lehrer-1.jpeg","datePublished":"2020-11-04T20:40:13+00:00","dateModified":"2025-04-14T18:51:22+00:00","description":"Das dreik\u00f6pfige LeTTo-Kernteam besteht aus Werner Damb\u00f6ck, Thomas Mayer und Daniel Asch. Alle drei sind HTL-Prof. der HTL St.P\u00f6lten\/Elektrotechnik.","inLanguage":"de-AT","potentialAction":[{"@type":"ReadAction","target":["https:\/\/letto.at\/wordpress\/index.php\/uber-uns\/"]}]},{"@type":"ImageObject","inLanguage":"de-AT","@id":"https:\/\/letto.at\/wordpress\/index.php\/uber-uns\/#primaryimage","url":"https:\/\/i0.wp.com\/build.letto.at\/wordpress\/wp-content\/uploads\/2025\/04\/Asch_Goiser_HTL_FOTO_Lehrer-1.jpeg?fit=458%2C559&ssl=1","contentUrl":"https:\/\/i0.wp.com\/build.letto.at\/wordpress\/wp-content\/uploads\/2025\/04\/Asch_Goiser_HTL_FOTO_Lehrer-1.jpeg?fit=458%2C559&ssl=1","width":458,"height":559},{"@type":"WebSite","@id":"https:\/\/letto.at\/wordpress\/#website","url":"https:\/\/letto.at\/wordpress\/","name":"LeTTo - MINT Performer","description":"Learning Evaluating Teaching Testing Online","publisher":{"@id":"https:\/\/letto.at\/wordpress\/#organization"},"potentialAction":[{"@type":"SearchAction","target":{"@type":"EntryPoint","urlTemplate":"https:\/\/letto.at\/wordpress\/?s={search_term_string}"},"query-input":{"@type":"PropertyValueSpecification","valueRequired":true,"valueName":"search_term_string"}}],"inLanguage":"de-AT"},{"@type":"Organization","@id":"https:\/\/letto.at\/wordpress\/#organization","name":"LeTTo","url":"https:\/\/letto.at\/wordpress\/","logo":{"@type":"ImageObject","inLanguage":"de-AT","@id":"https:\/\/letto.at\/wordpress\/#\/schema\/logo\/image\/","url":"https:\/\/i0.wp.com\/letto.at\/wordpress\/wp-content\/uploads\/2020\/11\/cropped-logo-2.png?fit=600%2C363&ssl=1","contentUrl":"https:\/\/i0.wp.com\/letto.at\/wordpress\/wp-content\/uploads\/2020\/11\/cropped-logo-2.png?fit=600%2C363&ssl=1","width":600,"height":363,"caption":"LeTTo"},"image":{"@id":"https:\/\/letto.at\/wordpress\/#\/schema\/logo\/image\/"},"sameAs":["https:\/\/www.youtube.com\/channel\/UCykp6jWvn-VCxwhgm7PZ4jw"]}]}},"uagb_featured_image_src":{"full":false,"thumbnail":false,"medium":false,"medium_large":false,"large":false,"1536x1536":false,"2048x2048":false},"uagb_author_info":{"display_name":"Daniel Asch","author_link":"https:\/\/build.letto.at\/wordpress\/index.php\/author\/daniel-asch\/"},"uagb_comment_info":0,"uagb_excerpt":"Ihr Auto ist kaputt? Gehen Sie zum Mechaniker!Ihr Kind ist krank? Gehen Sie zum Kinderarzt!Sie wollen eine MINT-Lernplattform entwickeln?Fragen Sie die Lehrer- und Sch\u00fclerschaft,denn sie wissen wie lernen funktioniert! Daniel J. Asch-Goiser Vor 2010 waren Frust, \u00c4rger und das Gef\u00fchl der zeitlichen Ineffizienz permanenter Begleiter der Professoren im Zuge der MINT-Content-Erstellung auf der einst eingesetzten&hellip;","jetpack_sharing_enabled":true,"jetpack_likes_enabled":true,"_links":{"self":[{"href":"https:\/\/build.letto.at\/wordpress\/index.php\/wp-json\/wp\/v2\/pages\/7","targetHints":{"allow":["GET"]}}],"collection":[{"href":"https:\/\/build.letto.at\/wordpress\/index.php\/wp-json\/wp\/v2\/pages"}],"about":[{"href":"https:\/\/build.letto.at\/wordpress\/index.php\/wp-json\/wp\/v2\/types\/page"}],"author":[{"embeddable":true,"href":"https:\/\/build.letto.at\/wordpress\/index.php\/wp-json\/wp\/v2\/users\/3"}],"replies":[{"embeddable":true,"href":"https:\/\/build.letto.at\/wordpress\/index.php\/wp-json\/wp\/v2\/comments?post=7"}],"version-history":[{"count":57,"href":"https:\/\/build.letto.at\/wordpress\/index.php\/wp-json\/wp\/v2\/pages\/7\/revisions"}],"predecessor-version":[{"id":3410,"href":"https:\/\/build.letto.at\/wordpress\/index.php\/wp-json\/wp\/v2\/pages\/7\/revisions\/3410"}],"wp:attachment":[{"href":"https:\/\/build.letto.at\/wordpress\/index.php\/wp-json\/wp\/v2\/media?parent=7"}],"curies":[{"name":"wp","href":"https:\/\/api.w.org\/{rel}","templated":true}]}}