{"id":69,"date":"2020-11-07T20:31:08","date_gmt":"2020-11-07T20:31:08","guid":{"rendered":"https:\/\/letto.at\/wordpress\/?page_id=69"},"modified":"2024-10-12T19:11:58","modified_gmt":"2024-10-12T19:11:58","slug":"letto-der-mint-performer-lernplattform","status":"publish","type":"page","link":"https:\/\/build.letto.at\/wordpress\/","title":{"rendered":"LeTTo die Lernplattform der Technik!"},"content":{"rendered":"\n<div style=\"height:26px\" aria-hidden=\"true\" class=\"wp-block-spacer\"><\/div>\n\n\n\n<div class=\"wp-block-jetpack-slideshow aligncenter\" data-autoplay=\"true\" data-delay=\"2\" data-effect=\"slide\"><div class=\"wp-block-jetpack-slideshow_container swiper-container\"><ul class=\"wp-block-jetpack-slideshow_swiper-wrapper swiper-wrapper\"><li class=\"wp-block-jetpack-slideshow_slide swiper-slide\"><figure><img data-recalc-dims=\"1\" loading=\"lazy\" decoding=\"async\" width=\"2560\" height=\"1700\" alt=\"\" class=\"wp-block-jetpack-slideshow_image wp-image-2065\" data-id=\"2065\" src=\"https:\/\/i0.wp.com\/build.letto.at\/wordpress\/wp-content\/uploads\/2022\/10\/LeTTo-Mint-neu-scaled.jpg?resize=2560%2C1700&#038;ssl=1\" srcset=\"https:\/\/i0.wp.com\/build.letto.at\/wordpress\/wp-content\/uploads\/2022\/10\/LeTTo-Mint-neu-scaled.jpg?w=2560&amp;ssl=1 2560w, https:\/\/i0.wp.com\/build.letto.at\/wordpress\/wp-content\/uploads\/2022\/10\/LeTTo-Mint-neu-scaled.jpg?resize=300%2C199&amp;ssl=1 300w, https:\/\/i0.wp.com\/build.letto.at\/wordpress\/wp-content\/uploads\/2022\/10\/LeTTo-Mint-neu-scaled.jpg?resize=1024%2C680&amp;ssl=1 1024w, https:\/\/i0.wp.com\/build.letto.at\/wordpress\/wp-content\/uploads\/2022\/10\/LeTTo-Mint-neu-scaled.jpg?resize=768%2C510&amp;ssl=1 768w, https:\/\/i0.wp.com\/build.letto.at\/wordpress\/wp-content\/uploads\/2022\/10\/LeTTo-Mint-neu-scaled.jpg?resize=1536%2C1020&amp;ssl=1 1536w, https:\/\/i0.wp.com\/build.letto.at\/wordpress\/wp-content\/uploads\/2022\/10\/LeTTo-Mint-neu-scaled.jpg?resize=2048%2C1360&amp;ssl=1 2048w\" sizes=\"(max-width: 1000px) 100vw, 1000px\" \/><\/figure><\/li><li class=\"wp-block-jetpack-slideshow_slide swiper-slide\"><figure><img data-recalc-dims=\"1\" loading=\"lazy\" decoding=\"async\" width=\"2343\" height=\"1328\" alt=\"\" class=\"wp-block-jetpack-slideshow_image wp-image-2608\" data-id=\"2608\" src=\"https:\/\/i0.wp.com\/build.letto.at\/wordpress\/wp-content\/uploads\/2023\/10\/LeTTo_Gruppenbild_mit_Sponsoren.jpg?resize=2343%2C1328&#038;ssl=1\" srcset=\"https:\/\/i0.wp.com\/build.letto.at\/wordpress\/wp-content\/uploads\/2023\/10\/LeTTo_Gruppenbild_mit_Sponsoren.jpg?w=2343&amp;ssl=1 2343w, https:\/\/i0.wp.com\/build.letto.at\/wordpress\/wp-content\/uploads\/2023\/10\/LeTTo_Gruppenbild_mit_Sponsoren.jpg?resize=300%2C170&amp;ssl=1 300w, https:\/\/i0.wp.com\/build.letto.at\/wordpress\/wp-content\/uploads\/2023\/10\/LeTTo_Gruppenbild_mit_Sponsoren.jpg?resize=1024%2C580&amp;ssl=1 1024w, https:\/\/i0.wp.com\/build.letto.at\/wordpress\/wp-content\/uploads\/2023\/10\/LeTTo_Gruppenbild_mit_Sponsoren.jpg?resize=768%2C435&amp;ssl=1 768w, https:\/\/i0.wp.com\/build.letto.at\/wordpress\/wp-content\/uploads\/2023\/10\/LeTTo_Gruppenbild_mit_Sponsoren.jpg?resize=1536%2C871&amp;ssl=1 1536w, https:\/\/i0.wp.com\/build.letto.at\/wordpress\/wp-content\/uploads\/2023\/10\/LeTTo_Gruppenbild_mit_Sponsoren.jpg?resize=2048%2C1161&amp;ssl=1 2048w\" sizes=\"(max-width: 1000px) 100vw, 1000px\" \/><figcaption class=\"wp-block-jetpack-slideshow_caption gallery-caption\">MINT Offensive 2023<\/figcaption><\/figure><\/li><li class=\"wp-block-jetpack-slideshow_slide swiper-slide\"><figure><img data-recalc-dims=\"1\" loading=\"lazy\" decoding=\"async\" width=\"2560\" height=\"1709\" alt=\"\" class=\"wp-block-jetpack-slideshow_image wp-image-3168\" data-id=\"3168\" src=\"https:\/\/i0.wp.com\/build.letto.at\/wordpress\/wp-content\/uploads\/2024\/10\/Abnedveranstaltung_mint_2024_Gruppe_Hurra-scaled.jpg?resize=2560%2C1709&#038;ssl=1\" srcset=\"https:\/\/i0.wp.com\/build.letto.at\/wordpress\/wp-content\/uploads\/2024\/10\/Abnedveranstaltung_mint_2024_Gruppe_Hurra-scaled.jpg?w=2560&amp;ssl=1 2560w, https:\/\/i0.wp.com\/build.letto.at\/wordpress\/wp-content\/uploads\/2024\/10\/Abnedveranstaltung_mint_2024_Gruppe_Hurra-scaled.jpg?resize=300%2C200&amp;ssl=1 300w, https:\/\/i0.wp.com\/build.letto.at\/wordpress\/wp-content\/uploads\/2024\/10\/Abnedveranstaltung_mint_2024_Gruppe_Hurra-scaled.jpg?resize=1024%2C684&amp;ssl=1 1024w, https:\/\/i0.wp.com\/build.letto.at\/wordpress\/wp-content\/uploads\/2024\/10\/Abnedveranstaltung_mint_2024_Gruppe_Hurra-scaled.jpg?resize=768%2C513&amp;ssl=1 768w, https:\/\/i0.wp.com\/build.letto.at\/wordpress\/wp-content\/uploads\/2024\/10\/Abnedveranstaltung_mint_2024_Gruppe_Hurra-scaled.jpg?resize=1536%2C1025&amp;ssl=1 1536w, https:\/\/i0.wp.com\/build.letto.at\/wordpress\/wp-content\/uploads\/2024\/10\/Abnedveranstaltung_mint_2024_Gruppe_Hurra-scaled.jpg?resize=2048%2C1367&amp;ssl=1 2048w\" sizes=\"(max-width: 1000px) 100vw, 1000px\" \/><figcaption class=\"wp-block-jetpack-slideshow_caption gallery-caption\">MINT Offensive 2024<\/figcaption><\/figure><\/li><\/ul><a class=\"wp-block-jetpack-slideshow_button-prev swiper-button-prev swiper-button-white\" role=\"button\"><\/a><a class=\"wp-block-jetpack-slideshow_button-next swiper-button-next swiper-button-white\" role=\"button\"><\/a><a aria-label=\"Pause Slideshow\" class=\"wp-block-jetpack-slideshow_button-pause\" role=\"button\"><\/a><div class=\"wp-block-jetpack-slideshow_pagination swiper-pagination swiper-pagination-white\"><\/div><\/div><\/div>\n\n\n\n<div class=\"wp-block-media-text alignfull has-media-on-the-right is-stacked-on-mobile\" style=\"grid-template-columns:auto 32%\"><div class=\"wp-block-media-text__content\">\n<p style=\"font-size:20px\"><strong>LeTTo digitalisiert die Lehre<\/strong> an vielen Bildungseinrichtungen in \u00d6sterreich und Deutschland. Profitieren auch Sie von der digitalen Zukunft des Lernens und g\u00f6nnen Sie sich und ihren Sch\u00fclerInnen den <a href=\"https:\/\/build.letto.at\/wordpress\/index.php\/letto-der-mint-performer-lernplattform\/letto-effekt-wissenschaflicher-nachweis\/\"><strong>LeTTo<\/strong>-Effekt<\/a>!<\/p>\n<\/div><figure class=\"wp-block-media-text__media\"><img data-recalc-dims=\"1\" loading=\"lazy\" decoding=\"async\" width=\"1024\" height=\"548\" src=\"https:\/\/i0.wp.com\/build.letto.at\/wordpress\/wp-content\/uploads\/2023\/12\/LeTTo_landkarte_stand_dec_23.jpg?resize=1024%2C548&#038;ssl=1\" alt=\"\" class=\"wp-image-2765 size-full\" srcset=\"https:\/\/i0.wp.com\/build.letto.at\/wordpress\/wp-content\/uploads\/2023\/12\/LeTTo_landkarte_stand_dec_23.jpg?resize=1024%2C548&amp;ssl=1 1024w, https:\/\/i0.wp.com\/build.letto.at\/wordpress\/wp-content\/uploads\/2023\/12\/LeTTo_landkarte_stand_dec_23.jpg?resize=300%2C161&amp;ssl=1 300w, https:\/\/i0.wp.com\/build.letto.at\/wordpress\/wp-content\/uploads\/2023\/12\/LeTTo_landkarte_stand_dec_23.jpg?resize=768%2C411&amp;ssl=1 768w, https:\/\/i0.wp.com\/build.letto.at\/wordpress\/wp-content\/uploads\/2023\/12\/LeTTo_landkarte_stand_dec_23.jpg?resize=1536%2C822&amp;ssl=1 1536w, https:\/\/i0.wp.com\/build.letto.at\/wordpress\/wp-content\/uploads\/2023\/12\/LeTTo_landkarte_stand_dec_23.jpg?resize=2048%2C1096&amp;ssl=1 2048w\" sizes=\"auto, (max-width: 1000px) 100vw, 1000px\" \/><\/figure><\/div>\n\n\n\n<p class=\"has-text-align-left has-medium-font-size\"><strong>LeTTo<\/strong> formt die digitale Zukunft des Lernens. LehrerInnen wissen was es zum Lernen braucht. Entwickelt von Lehrern f\u00fcr Sch\u00fclerInnen, Eltern und P\u00e4dagogInnen. Wissenschaftliche Erkenntnisse, jahrelange Erfahrung, permanenter Dialog mit LehrerInnen und Sch\u00fclerInnen sowie didaktische Kreativit\u00e4t bilden die Pfeiler der Entwicklung. Im Fokus steht das Individuum von der Basis- bis zur universit\u00e4ren Ausbildung.<\/p>\n\n\n\n<div style=\"height:23px\" aria-hidden=\"true\" class=\"wp-block-spacer\"><\/div>\n\n\n\n<div class=\"wp-block-columns are-vertically-aligned-center is-layout-flex wp-container-core-columns-is-layout-28f84493 wp-block-columns-is-layout-flex\">\n<div class=\"wp-block-column is-vertically-aligned-center is-layout-flow wp-block-column-is-layout-flow\">\n<div class=\"wp-block-buttons is-horizontal is-content-justification-center is-layout-flex wp-container-core-buttons-is-layout-03627597 wp-block-buttons-is-layout-flex\">\n<div class=\"wp-block-button is-style-fill\"><a class=\"wp-block-button__link wp-element-button\" href=\"https:\/\/build.letto.at\/wordpress\/index.php\/letto-im-uberblick\/\" style=\"border-radius:20px\"><strong>LeTTo <\/strong>f\u00fcr P\u00e4dagogInnen<\/a><\/div>\n\n\n\n<div class=\"wp-block-button\"><a class=\"wp-block-button__link wp-element-button\" href=\"https:\/\/build.letto.at\/wordpress\/index.php\/startseite\/letto-fur-schulerinnen\/\" style=\"border-radius:20px\">  <strong>LeTTo <\/strong>f\u00fcr Sch\u00fclerInnen<\/a><\/div>\n\n\n\n<div class=\"wp-block-button\"><a class=\"wp-block-button__link wp-element-button\" href=\"https:\/\/build.letto.at\/wordpress\/index.php\/startseite\/letto-fur-eltern\/\" style=\"border-radius:20px\" rel=\"letto-fuer-eltern\">        <strong>LeTTo <\/strong>f\u00fcr Eltern      <\/a><\/div>\n\n\n\n<div class=\"wp-block-button is-style-fill\"><a class=\"wp-block-button__link wp-element-button\" href=\"https:\/\/build.letto.at\/wordpress\/index.php\/letto-der-mint-performer-lernplattform\/letto-effekt-wissenschaflicher-nachweis\/\" style=\"border-radius:20px\" target=\"_blank\" rel=\"letto-effekt noopener\"><strong>LeTTo<\/strong>-Effekt<\/a><\/div>\n<\/div>\n<\/div>\n<\/div>\n\n\n\n<div style=\"height:38px\" aria-hidden=\"true\" class=\"wp-block-spacer\"><\/div>\n\n\n\n<p class=\"has-medium-font-size\">Pers\u00f6nlicher Kontakt ist uns wichtig. <a href=\"https:\/\/build.letto.at\/wordpress\/index.php\/kontakt\/\">Kontaktieren <\/a>Sie uns, wir zeigen Ihnen warum die LehrerInnen, Sch\u00fclerInnen und Eltern von jung bis alt von <strong>LeTTo<\/strong> so begeistert sind. Testen Sie an Ihrer Bildungseinrichtung ein vollst\u00e4ndiges Semester alle Funktionalit\u00e4ten von <strong>LeTTo <\/strong>kostenlos.<\/p>\n","protected":false},"excerpt":{"rendered":"<p>LeTTo digitalisiert die Lehre an vielen Bildungseinrichtungen in \u00d6sterreich und Deutschland. Profitieren auch Sie von der digitalen Zukunft des Lernens und g\u00f6nnen Sie sich und ihren Sch\u00fclerInnen den LeTTo-Effekt! LeTTo formt die digitale Zukunft des Lernens. LehrerInnen wissen was es zum Lernen braucht. Entwickelt von Lehrern f\u00fcr Sch\u00fclerInnen, Eltern und P\u00e4dagogInnen. Wissenschaftliche Erkenntnisse, jahrelange Erfahrung, [&hellip;]<\/p>\n","protected":false},"author":3,"featured_media":0,"parent":0,"menu_order":0,"comment_status":"closed","ping_status":"closed","template":"","meta":{"_uag_custom_page_level_css":"","site-sidebar-layout":"default","site-content-layout":"default","ast-site-content-layout":"default","site-content-style":"default","site-sidebar-style":"default","ast-global-header-display":"","ast-banner-title-visibility":"","ast-main-header-display":"","ast-hfb-above-header-display":"","ast-hfb-below-header-display":"","ast-hfb-mobile-header-display":"","site-post-title":"","ast-breadcrumbs-content":"","ast-featured-img":"","footer-sml-layout":"","theme-transparent-header-meta":"default","adv-header-id-meta":"","stick-header-meta":"","header-above-stick-meta":"","header-main-stick-meta":"","header-below-stick-meta":"","astra-migrate-meta-layouts":"set","ast-page-background-enabled":"default","ast-page-background-meta":{"desktop":{"background-color":"","background-image":"","background-repeat":"repeat","background-position":"center center","background-size":"auto","background-attachment":"scroll","background-type":"","background-media":"","overlay-type":"","overlay-color":"","overlay-opacity":"","overlay-gradient":""},"tablet":{"background-color":"","background-image":"","background-repeat":"repeat","background-position":"center center","background-size":"auto","background-attachment":"scroll","background-type":"","background-media":"","overlay-type":"","overlay-color":"","overlay-opacity":"","overlay-gradient":""},"mobile":{"background-color":"","background-image":"","background-repeat":"repeat","background-position":"center center","background-size":"auto","background-attachment":"scroll","background-type":"","background-media":"","overlay-type":"","overlay-color":"","overlay-opacity":"","overlay-gradient":""}},"ast-content-background-meta":{"desktop":{"background-color":"var(--ast-global-color-5)","background-image":"","background-repeat":"repeat","background-position":"center center","background-size":"auto","background-attachment":"scroll","background-type":"","background-media":"","overlay-type":"","overlay-color":"","overlay-opacity":"","overlay-gradient":""},"tablet":{"background-color":"var(--ast-global-color-5)","background-image":"","background-repeat":"repeat","background-position":"center center","background-size":"auto","background-attachment":"scroll","background-type":"","background-media":"","overlay-type":"","overlay-color":"","overlay-opacity":"","overlay-gradient":""},"mobile":{"background-color":"var(--ast-global-color-5)","background-image":"","background-repeat":"repeat","background-position":"center center","background-size":"auto","background-attachment":"scroll","background-type":"","background-media":"","overlay-type":"","overlay-color":"","overlay-opacity":"","overlay-gradient":""}},"footnotes":""},"class_list":["post-69","page","type-page","status-publish","hentry"],"yoast_head":"<!-- This site is optimized with the Yoast SEO plugin v27.4 - https:\/\/yoast.com\/product\/yoast-seo-wordpress\/ -->\n<title>LeTTo die Lernplattform der Technik! &#8211;<\/title>\n<meta name=\"description\" content=\"LeTTo - Learning evaluating Teaching Testing online - MINT- Lernplattform entwickelt von Lehrern f\u00fcr LehrerInnen und Sch\u00fclerInnen\/Eltern\" \/>\n<meta name=\"robots\" content=\"index, follow, max-snippet:-1, max-image-preview:large, max-video-preview:-1\" \/>\n<link rel=\"canonical\" href=\"https:\/\/letto.at\/wordpress\/\" \/>\n<meta property=\"og:locale\" content=\"de_DE\" \/>\n<meta property=\"og:type\" content=\"article\" \/>\n<meta property=\"og:title\" content=\"LeTTo die Lernplattform der Technik! &#8211;\" \/>\n<meta property=\"og:description\" content=\"LeTTo - Learning evaluating Teaching Testing online - MINT- Lernplattform entwickelt von Lehrern f\u00fcr LehrerInnen und Sch\u00fclerInnen\/Eltern\" \/>\n<meta property=\"og:url\" content=\"https:\/\/letto.at\/wordpress\/\" \/>\n<meta property=\"article:modified_time\" content=\"2024-10-12T19:11:58+00:00\" \/>\n<meta property=\"og:image\" content=\"https:\/\/letto.at\/wordpress\/wp-content\/uploads\/2022\/10\/LeTTo-Mint-neu-scaled.jpg\" \/>\n<meta name=\"twitter:card\" content=\"summary_large_image\" \/>\n<meta name=\"twitter:label1\" content=\"Gesch\u00e4tzte Lesezeit\" \/>\n\t<meta name=\"twitter:data1\" content=\"2 Minuten\" \/>\n<script type=\"application\/ld+json\" class=\"yoast-schema-graph\">{\"@context\":\"https:\\\/\\\/schema.org\",\"@graph\":[{\"@type\":\"WebPage\",\"@id\":\"https:\\\/\\\/letto.at\\\/wordpress\\\/\",\"url\":\"https:\\\/\\\/letto.at\\\/wordpress\\\/\",\"name\":\"LeTTo die Lernplattform der Technik! &#8211;\",\"isPartOf\":{\"@id\":\"https:\\\/\\\/letto.at\\\/wordpress\\\/#website\"},\"primaryImageOfPage\":{\"@id\":\"https:\\\/\\\/letto.at\\\/wordpress\\\/#primaryimage\"},\"image\":{\"@id\":\"https:\\\/\\\/letto.at\\\/wordpress\\\/#primaryimage\"},\"thumbnailUrl\":\"https:\\\/\\\/build.letto.at\\\/wordpress\\\/wp-content\\\/uploads\\\/2022\\\/10\\\/LeTTo-Mint-neu-scaled.jpg\",\"datePublished\":\"2020-11-07T20:31:08+00:00\",\"dateModified\":\"2024-10-12T19:11:58+00:00\",\"description\":\"LeTTo - Learning evaluating Teaching Testing online - MINT- Lernplattform entwickelt von Lehrern f\u00fcr LehrerInnen und Sch\u00fclerInnen\\\/Eltern\",\"inLanguage\":\"de-AT\",\"potentialAction\":[{\"@type\":\"ReadAction\",\"target\":[\"https:\\\/\\\/letto.at\\\/wordpress\\\/\"]}]},{\"@type\":\"ImageObject\",\"inLanguage\":\"de-AT\",\"@id\":\"https:\\\/\\\/letto.at\\\/wordpress\\\/#primaryimage\",\"url\":\"https:\\\/\\\/i0.wp.com\\\/build.letto.at\\\/wordpress\\\/wp-content\\\/uploads\\\/2022\\\/10\\\/LeTTo-Mint-neu-scaled.jpg?fit=2560%2C1700&ssl=1\",\"contentUrl\":\"https:\\\/\\\/i0.wp.com\\\/build.letto.at\\\/wordpress\\\/wp-content\\\/uploads\\\/2022\\\/10\\\/LeTTo-Mint-neu-scaled.jpg?fit=2560%2C1700&ssl=1\",\"width\":2560,\"height\":1700},{\"@type\":\"WebSite\",\"@id\":\"https:\\\/\\\/letto.at\\\/wordpress\\\/#website\",\"url\":\"https:\\\/\\\/letto.at\\\/wordpress\\\/\",\"name\":\"LeTTo - MINT Performer\",\"description\":\"Learning Evaluating Teaching Testing Online\",\"publisher\":{\"@id\":\"https:\\\/\\\/letto.at\\\/wordpress\\\/#organization\"},\"potentialAction\":[{\"@type\":\"SearchAction\",\"target\":{\"@type\":\"EntryPoint\",\"urlTemplate\":\"https:\\\/\\\/letto.at\\\/wordpress\\\/?s={search_term_string}\"},\"query-input\":{\"@type\":\"PropertyValueSpecification\",\"valueRequired\":true,\"valueName\":\"search_term_string\"}}],\"inLanguage\":\"de-AT\"},{\"@type\":\"Organization\",\"@id\":\"https:\\\/\\\/letto.at\\\/wordpress\\\/#organization\",\"name\":\"LeTTo\",\"url\":\"https:\\\/\\\/letto.at\\\/wordpress\\\/\",\"logo\":{\"@type\":\"ImageObject\",\"inLanguage\":\"de-AT\",\"@id\":\"https:\\\/\\\/letto.at\\\/wordpress\\\/#\\\/schema\\\/logo\\\/image\\\/\",\"url\":\"https:\\\/\\\/i0.wp.com\\\/letto.at\\\/wordpress\\\/wp-content\\\/uploads\\\/2020\\\/11\\\/cropped-logo-2.png?fit=600%2C363&ssl=1\",\"contentUrl\":\"https:\\\/\\\/i0.wp.com\\\/letto.at\\\/wordpress\\\/wp-content\\\/uploads\\\/2020\\\/11\\\/cropped-logo-2.png?fit=600%2C363&ssl=1\",\"width\":600,\"height\":363,\"caption\":\"LeTTo\"},\"image\":{\"@id\":\"https:\\\/\\\/letto.at\\\/wordpress\\\/#\\\/schema\\\/logo\\\/image\\\/\"},\"sameAs\":[\"https:\\\/\\\/www.youtube.com\\\/channel\\\/UCykp6jWvn-VCxwhgm7PZ4jw\"]}]}<\/script>\n<!-- \/ Yoast SEO plugin. -->","yoast_head_json":{"title":"LeTTo die Lernplattform der Technik! &#8211;","description":"LeTTo - Learning evaluating Teaching Testing online - MINT- Lernplattform entwickelt von Lehrern f\u00fcr LehrerInnen und Sch\u00fclerInnen\/Eltern","robots":{"index":"index","follow":"follow","max-snippet":"max-snippet:-1","max-image-preview":"max-image-preview:large","max-video-preview":"max-video-preview:-1"},"canonical":"https:\/\/letto.at\/wordpress\/","og_locale":"de_DE","og_type":"article","og_title":"LeTTo die Lernplattform der Technik! &#8211;","og_description":"LeTTo - Learning evaluating Teaching Testing online - MINT- Lernplattform entwickelt von Lehrern f\u00fcr LehrerInnen und Sch\u00fclerInnen\/Eltern","og_url":"https:\/\/letto.at\/wordpress\/","article_modified_time":"2024-10-12T19:11:58+00:00","og_image":[{"url":"https:\/\/letto.at\/wordpress\/wp-content\/uploads\/2022\/10\/LeTTo-Mint-neu-scaled.jpg","type":"","width":"","height":""}],"twitter_card":"summary_large_image","twitter_misc":{"Gesch\u00e4tzte Lesezeit":"2 Minuten"},"schema":{"@context":"https:\/\/schema.org","@graph":[{"@type":"WebPage","@id":"https:\/\/letto.at\/wordpress\/","url":"https:\/\/letto.at\/wordpress\/","name":"LeTTo die Lernplattform der Technik! &#8211;","isPartOf":{"@id":"https:\/\/letto.at\/wordpress\/#website"},"primaryImageOfPage":{"@id":"https:\/\/letto.at\/wordpress\/#primaryimage"},"image":{"@id":"https:\/\/letto.at\/wordpress\/#primaryimage"},"thumbnailUrl":"https:\/\/build.letto.at\/wordpress\/wp-content\/uploads\/2022\/10\/LeTTo-Mint-neu-scaled.jpg","datePublished":"2020-11-07T20:31:08+00:00","dateModified":"2024-10-12T19:11:58+00:00","description":"LeTTo - Learning evaluating Teaching Testing online - MINT- Lernplattform entwickelt von Lehrern f\u00fcr LehrerInnen und Sch\u00fclerInnen\/Eltern","inLanguage":"de-AT","potentialAction":[{"@type":"ReadAction","target":["https:\/\/letto.at\/wordpress\/"]}]},{"@type":"ImageObject","inLanguage":"de-AT","@id":"https:\/\/letto.at\/wordpress\/#primaryimage","url":"https:\/\/i0.wp.com\/build.letto.at\/wordpress\/wp-content\/uploads\/2022\/10\/LeTTo-Mint-neu-scaled.jpg?fit=2560%2C1700&ssl=1","contentUrl":"https:\/\/i0.wp.com\/build.letto.at\/wordpress\/wp-content\/uploads\/2022\/10\/LeTTo-Mint-neu-scaled.jpg?fit=2560%2C1700&ssl=1","width":2560,"height":1700},{"@type":"WebSite","@id":"https:\/\/letto.at\/wordpress\/#website","url":"https:\/\/letto.at\/wordpress\/","name":"LeTTo - MINT Performer","description":"Learning Evaluating Teaching Testing Online","publisher":{"@id":"https:\/\/letto.at\/wordpress\/#organization"},"potentialAction":[{"@type":"SearchAction","target":{"@type":"EntryPoint","urlTemplate":"https:\/\/letto.at\/wordpress\/?s={search_term_string}"},"query-input":{"@type":"PropertyValueSpecification","valueRequired":true,"valueName":"search_term_string"}}],"inLanguage":"de-AT"},{"@type":"Organization","@id":"https:\/\/letto.at\/wordpress\/#organization","name":"LeTTo","url":"https:\/\/letto.at\/wordpress\/","logo":{"@type":"ImageObject","inLanguage":"de-AT","@id":"https:\/\/letto.at\/wordpress\/#\/schema\/logo\/image\/","url":"https:\/\/i0.wp.com\/letto.at\/wordpress\/wp-content\/uploads\/2020\/11\/cropped-logo-2.png?fit=600%2C363&ssl=1","contentUrl":"https:\/\/i0.wp.com\/letto.at\/wordpress\/wp-content\/uploads\/2020\/11\/cropped-logo-2.png?fit=600%2C363&ssl=1","width":600,"height":363,"caption":"LeTTo"},"image":{"@id":"https:\/\/letto.at\/wordpress\/#\/schema\/logo\/image\/"},"sameAs":["https:\/\/www.youtube.com\/channel\/UCykp6jWvn-VCxwhgm7PZ4jw"]}]}},"uagb_featured_image_src":{"full":false,"thumbnail":false,"medium":false,"medium_large":false,"large":false,"1536x1536":false,"2048x2048":false},"uagb_author_info":{"display_name":"Daniel Asch","author_link":"https:\/\/build.letto.at\/wordpress\/index.php\/author\/daniel-asch\/"},"uagb_comment_info":0,"uagb_excerpt":"LeTTo digitalisiert die Lehre an vielen Bildungseinrichtungen in \u00d6sterreich und Deutschland. Profitieren auch Sie von der digitalen Zukunft des Lernens und g\u00f6nnen Sie sich und ihren Sch\u00fclerInnen den LeTTo-Effekt! LeTTo formt die digitale Zukunft des Lernens. LehrerInnen wissen was es zum Lernen braucht. Entwickelt von Lehrern f\u00fcr Sch\u00fclerInnen, Eltern und P\u00e4dagogInnen. Wissenschaftliche Erkenntnisse, jahrelange Erfahrung,&hellip;","jetpack_sharing_enabled":true,"jetpack_likes_enabled":true,"_links":{"self":[{"href":"https:\/\/build.letto.at\/wordpress\/index.php\/wp-json\/wp\/v2\/pages\/69","targetHints":{"allow":["GET"]}}],"collection":[{"href":"https:\/\/build.letto.at\/wordpress\/index.php\/wp-json\/wp\/v2\/pages"}],"about":[{"href":"https:\/\/build.letto.at\/wordpress\/index.php\/wp-json\/wp\/v2\/types\/page"}],"author":[{"embeddable":true,"href":"https:\/\/build.letto.at\/wordpress\/index.php\/wp-json\/wp\/v2\/users\/3"}],"replies":[{"embeddable":true,"href":"https:\/\/build.letto.at\/wordpress\/index.php\/wp-json\/wp\/v2\/comments?post=69"}],"version-history":[{"count":216,"href":"https:\/\/build.letto.at\/wordpress\/index.php\/wp-json\/wp\/v2\/pages\/69\/revisions"}],"predecessor-version":[{"id":3189,"href":"https:\/\/build.letto.at\/wordpress\/index.php\/wp-json\/wp\/v2\/pages\/69\/revisions\/3189"}],"wp:attachment":[{"href":"https:\/\/build.letto.at\/wordpress\/index.php\/wp-json\/wp\/v2\/media?parent=69"}],"curies":[{"name":"wp","href":"https:\/\/api.w.org\/{rel}","templated":true}]}}