{"id":60,"date":"2020-11-07T20:27:28","date_gmt":"2020-11-07T20:27:28","guid":{"rendered":"https:\/\/letto.at\/wordpress\/?page_id=60"},"modified":"2021-11-18T11:44:23","modified_gmt":"2021-11-18T11:44:23","slug":"how-to-multiple-choice-frage","status":"publish","type":"page","link":"https:\/\/build.letto.at\/wordpress\/index.php\/how-to-multiple-choice-frage\/","title":{"rendered":"How To &#8211; Multiple-Choice-Frage"},"content":{"rendered":"\n<p class=\"has-normal-font-size\">Anleitung zur Erstellung einer Multiple-Choice-Frage- siehe auch <a href=\"https:\/\/www.youtube.com\/watch?v=NLEePJMMWoE&amp;list=PLpJWdU3T5FMUn8JCe_DXdcNk_wHB3vdhf&amp;index=1&amp;t=1s\">Video<\/a>. F\u00fchren Sie die Schritte 1 bis 9 in der dargestellten Reihenfolge aus.<\/p>\n\n\n\n<div style=\"height:15px\" aria-hidden=\"true\" class=\"wp-block-spacer\"><\/div>\n\n\n\n<div class=\"wp-block-columns is-layout-flex wp-container-core-columns-is-layout-28f84493 wp-block-columns-is-layout-flex\">\n<div class=\"wp-block-column is-layout-flow wp-block-column-is-layout-flow\">\n<figure class=\"wp-block-image size-large\"><img data-recalc-dims=\"1\" loading=\"lazy\" decoding=\"async\" width=\"1024\" height=\"296\" src=\"https:\/\/i0.wp.com\/build.letto.at\/wordpress\/wp-content\/uploads\/2021\/11\/LeTTo_edit_frageeinfuegen_mc_mit-Ziffern_neu.jpg?resize=1024%2C296&#038;ssl=1\" alt=\"\" class=\"wp-image-1450\" srcset=\"https:\/\/i0.wp.com\/build.letto.at\/wordpress\/wp-content\/uploads\/2021\/11\/LeTTo_edit_frageeinfuegen_mc_mit-Ziffern_neu.jpg?resize=1024%2C296&amp;ssl=1 1024w, https:\/\/i0.wp.com\/build.letto.at\/wordpress\/wp-content\/uploads\/2021\/11\/LeTTo_edit_frageeinfuegen_mc_mit-Ziffern_neu.jpg?resize=300%2C87&amp;ssl=1 300w, https:\/\/i0.wp.com\/build.letto.at\/wordpress\/wp-content\/uploads\/2021\/11\/LeTTo_edit_frageeinfuegen_mc_mit-Ziffern_neu.jpg?resize=768%2C222&amp;ssl=1 768w, https:\/\/i0.wp.com\/build.letto.at\/wordpress\/wp-content\/uploads\/2021\/11\/LeTTo_edit_frageeinfuegen_mc_mit-Ziffern_neu.jpg?resize=1536%2C443&amp;ssl=1 1536w, https:\/\/i0.wp.com\/build.letto.at\/wordpress\/wp-content\/uploads\/2021\/11\/LeTTo_edit_frageeinfuegen_mc_mit-Ziffern_neu.jpg?w=2020&amp;ssl=1 2020w\" sizes=\"auto, (max-width: 1000px) 100vw, 1000px\" \/><\/figure>\n\n\n\n<p><\/p>\n<\/div>\n\n\n\n<div class=\"wp-block-column is-layout-flow wp-block-column-is-layout-flow\">\n<p class=\"has-normal-font-size\">1.  <strong>Rechtsklick <\/strong>an der Stelle der Markierung 1 &#8211; ein Men\u00fc wird sichtbar<br><br>2. W\u00e4hlen Sie die Option <strong>Frage einf\u00fcgen<\/strong><br><br>3. <strong>Einf\u00fcgen Mulitple-Choice-Frage<\/strong><\/p>\n<\/div>\n<\/div>\n\n\n\n<div style=\"height:15px\" aria-hidden=\"true\" class=\"wp-block-spacer\"><\/div>\n\n\n\n<div class=\"wp-block-columns is-layout-flex wp-container-core-columns-is-layout-28f84493 wp-block-columns-is-layout-flex\">\n<div class=\"wp-block-column is-layout-flow wp-block-column-is-layout-flow\">\n<figure class=\"wp-block-image alignwide size-large\"><img data-recalc-dims=\"1\" loading=\"lazy\" decoding=\"async\" width=\"1024\" height=\"455\" src=\"https:\/\/i0.wp.com\/build.letto.at\/wordpress\/wp-content\/uploads\/2021\/11\/LeTTo_edit_frageeinfuegen_mc_mit-Ziffern2-1.jpg?resize=1024%2C455&#038;ssl=1\" alt=\"\" class=\"wp-image-1444\" srcset=\"https:\/\/i0.wp.com\/build.letto.at\/wordpress\/wp-content\/uploads\/2021\/11\/LeTTo_edit_frageeinfuegen_mc_mit-Ziffern2-1.jpg?resize=1024%2C455&amp;ssl=1 1024w, https:\/\/i0.wp.com\/build.letto.at\/wordpress\/wp-content\/uploads\/2021\/11\/LeTTo_edit_frageeinfuegen_mc_mit-Ziffern2-1.jpg?resize=300%2C133&amp;ssl=1 300w, https:\/\/i0.wp.com\/build.letto.at\/wordpress\/wp-content\/uploads\/2021\/11\/LeTTo_edit_frageeinfuegen_mc_mit-Ziffern2-1.jpg?resize=768%2C341&amp;ssl=1 768w, https:\/\/i0.wp.com\/build.letto.at\/wordpress\/wp-content\/uploads\/2021\/11\/LeTTo_edit_frageeinfuegen_mc_mit-Ziffern2-1.jpg?resize=1536%2C682&amp;ssl=1 1536w, https:\/\/i0.wp.com\/build.letto.at\/wordpress\/wp-content\/uploads\/2021\/11\/LeTTo_edit_frageeinfuegen_mc_mit-Ziffern2-1.jpg?resize=2048%2C909&amp;ssl=1 2048w\" sizes=\"auto, (max-width: 1000px) 100vw, 1000px\" \/><\/figure>\n<\/div>\n\n\n\n<div class=\"wp-block-column is-layout-flow wp-block-column-is-layout-flow\">\n<p class=\"has-normal-font-size\">4. Vergeben Sie einen <strong>Fragennamen<\/strong><br><br>5. Formulieren Sie den <strong>Fragentext<\/strong><br><br>6. Formulieren Sie die <strong>Antworten<\/strong> und hacken Sie die richtigen Antworten an<br><br>7. W\u00e4hlen Sie den <strong>Beurteilungsmodus <\/strong><br><br>8. <strong>Sortiermodus <\/strong>bestimmen &#8211; Antworten mischen?<br><br>9. Bestimmen Sie die Anzahl der <strong>Punkte <\/strong>f\u00fcr diese Frage<\/p>\n<\/div>\n<\/div>\n\n\n\n<p><\/p>\n","protected":false},"excerpt":{"rendered":"<p>Anleitung zur Erstellung einer Multiple-Choice-Frage- siehe auch Video. F\u00fchren Sie die Schritte 1 bis 9 in der dargestellten Reihenfolge aus. 1. Rechtsklick an der Stelle der Markierung 1 &#8211; ein Men\u00fc wird sichtbar 2. W\u00e4hlen Sie die Option Frage einf\u00fcgen 3. Einf\u00fcgen Mulitple-Choice-Frage 4. Vergeben Sie einen Fragennamen 5. Formulieren Sie den Fragentext 6. Formulieren [&hellip;]<\/p>\n","protected":false},"author":3,"featured_media":0,"parent":0,"menu_order":0,"comment_status":"closed","ping_status":"closed","template":"","meta":{"_uag_custom_page_level_css":"","site-sidebar-layout":"default","site-content-layout":"","ast-site-content-layout":"default","site-content-style":"default","site-sidebar-style":"default","ast-global-header-display":"","ast-banner-title-visibility":"","ast-main-header-display":"","ast-hfb-above-header-display":"","ast-hfb-below-header-display":"","ast-hfb-mobile-header-display":"","site-post-title":"","ast-breadcrumbs-content":"","ast-featured-img":"","footer-sml-layout":"","theme-transparent-header-meta":"","adv-header-id-meta":"","stick-header-meta":"","header-above-stick-meta":"","header-main-stick-meta":"","header-below-stick-meta":"","astra-migrate-meta-layouts":"default","ast-page-background-enabled":"default","ast-page-background-meta":{"desktop":{"background-color":"","background-image":"","background-repeat":"repeat","background-position":"center center","background-size":"auto","background-attachment":"scroll","background-type":"","background-media":"","overlay-type":"","overlay-color":"","overlay-opacity":"","overlay-gradient":""},"tablet":{"background-color":"","background-image":"","background-repeat":"repeat","background-position":"center center","background-size":"auto","background-attachment":"scroll","background-type":"","background-media":"","overlay-type":"","overlay-color":"","overlay-opacity":"","overlay-gradient":""},"mobile":{"background-color":"","background-image":"","background-repeat":"repeat","background-position":"center center","background-size":"auto","background-attachment":"scroll","background-type":"","background-media":"","overlay-type":"","overlay-color":"","overlay-opacity":"","overlay-gradient":""}},"ast-content-background-meta":{"desktop":{"background-color":"var(--ast-global-color-5)","background-image":"","background-repeat":"repeat","background-position":"center center","background-size":"auto","background-attachment":"scroll","background-type":"","background-media":"","overlay-type":"","overlay-color":"","overlay-opacity":"","overlay-gradient":""},"tablet":{"background-color":"var(--ast-global-color-5)","background-image":"","background-repeat":"repeat","background-position":"center center","background-size":"auto","background-attachment":"scroll","background-type":"","background-media":"","overlay-type":"","overlay-color":"","overlay-opacity":"","overlay-gradient":""},"mobile":{"background-color":"var(--ast-global-color-5)","background-image":"","background-repeat":"repeat","background-position":"center center","background-size":"auto","background-attachment":"scroll","background-type":"","background-media":"","overlay-type":"","overlay-color":"","overlay-opacity":"","overlay-gradient":""}},"footnotes":""},"class_list":["post-60","page","type-page","status-publish","hentry"],"yoast_head":"<!-- This site is optimized with the Yoast SEO plugin v27.4 - https:\/\/yoast.com\/product\/yoast-seo-wordpress\/ -->\n<title>How To - Multiple-Choice-Frage &#8211;<\/title>\n<meta name=\"description\" content=\"Anleitung zur Erstellung einer LeTTo - Multiple-Choice-Frage. Kochrezept zur raschen und einfachen Fragenerstellung.\" \/>\n<meta name=\"robots\" content=\"index, follow, max-snippet:-1, max-image-preview:large, max-video-preview:-1\" \/>\n<link rel=\"canonical\" href=\"https:\/\/letto.at\/wordpress\/index.php\/how-to-multiple-choice-frage\/\" \/>\n<meta property=\"og:locale\" content=\"de_DE\" \/>\n<meta property=\"og:type\" content=\"article\" \/>\n<meta property=\"og:title\" content=\"How To - Multiple-Choice-Frage &#8211;\" \/>\n<meta property=\"og:description\" content=\"Anleitung zur Erstellung einer LeTTo - Multiple-Choice-Frage. Kochrezept zur raschen und einfachen Fragenerstellung.\" \/>\n<meta property=\"og:url\" content=\"https:\/\/letto.at\/wordpress\/index.php\/how-to-multiple-choice-frage\/\" \/>\n<meta property=\"article:modified_time\" content=\"2021-11-18T11:44:23+00:00\" \/>\n<meta property=\"og:image\" content=\"https:\/\/letto.at\/wordpress\/wp-content\/uploads\/2021\/11\/LeTTo_edit_frageeinfuegen_mc_mit-Ziffern_neu-1024x296.jpg\" \/>\n<meta name=\"twitter:card\" content=\"summary_large_image\" \/>\n<meta name=\"twitter:label1\" content=\"Gesch\u00e4tzte Lesezeit\" \/>\n\t<meta name=\"twitter:data1\" content=\"1 Minute\" \/>\n<script type=\"application\/ld+json\" class=\"yoast-schema-graph\">{\"@context\":\"https:\\\/\\\/schema.org\",\"@graph\":[{\"@type\":\"WebPage\",\"@id\":\"https:\\\/\\\/letto.at\\\/wordpress\\\/index.php\\\/how-to-multiple-choice-frage\\\/\",\"url\":\"https:\\\/\\\/letto.at\\\/wordpress\\\/index.php\\\/how-to-multiple-choice-frage\\\/\",\"name\":\"How To - Multiple-Choice-Frage &#8211;\",\"isPartOf\":{\"@id\":\"https:\\\/\\\/letto.at\\\/wordpress\\\/#website\"},\"primaryImageOfPage\":{\"@id\":\"https:\\\/\\\/letto.at\\\/wordpress\\\/index.php\\\/how-to-multiple-choice-frage\\\/#primaryimage\"},\"image\":{\"@id\":\"https:\\\/\\\/letto.at\\\/wordpress\\\/index.php\\\/how-to-multiple-choice-frage\\\/#primaryimage\"},\"thumbnailUrl\":\"https:\\\/\\\/build.letto.at\\\/wordpress\\\/wp-content\\\/uploads\\\/2021\\\/11\\\/LeTTo_edit_frageeinfuegen_mc_mit-Ziffern_neu-1024x296.jpg\",\"datePublished\":\"2020-11-07T20:27:28+00:00\",\"dateModified\":\"2021-11-18T11:44:23+00:00\",\"description\":\"Anleitung zur Erstellung einer LeTTo - Multiple-Choice-Frage. Kochrezept zur raschen und einfachen Fragenerstellung.\",\"inLanguage\":\"de-AT\",\"potentialAction\":[{\"@type\":\"ReadAction\",\"target\":[\"https:\\\/\\\/letto.at\\\/wordpress\\\/index.php\\\/how-to-multiple-choice-frage\\\/\"]}]},{\"@type\":\"ImageObject\",\"inLanguage\":\"de-AT\",\"@id\":\"https:\\\/\\\/letto.at\\\/wordpress\\\/index.php\\\/how-to-multiple-choice-frage\\\/#primaryimage\",\"url\":\"https:\\\/\\\/i0.wp.com\\\/build.letto.at\\\/wordpress\\\/wp-content\\\/uploads\\\/2021\\\/11\\\/LeTTo_edit_frageeinfuegen_mc_mit-Ziffern_neu.jpg?fit=2020%2C583&ssl=1\",\"contentUrl\":\"https:\\\/\\\/i0.wp.com\\\/build.letto.at\\\/wordpress\\\/wp-content\\\/uploads\\\/2021\\\/11\\\/LeTTo_edit_frageeinfuegen_mc_mit-Ziffern_neu.jpg?fit=2020%2C583&ssl=1\",\"width\":2020,\"height\":583},{\"@type\":\"WebSite\",\"@id\":\"https:\\\/\\\/letto.at\\\/wordpress\\\/#website\",\"url\":\"https:\\\/\\\/letto.at\\\/wordpress\\\/\",\"name\":\"LeTTo - MINT Performer\",\"description\":\"Learning Evaluating Teaching Testing Online\",\"publisher\":{\"@id\":\"https:\\\/\\\/letto.at\\\/wordpress\\\/#organization\"},\"potentialAction\":[{\"@type\":\"SearchAction\",\"target\":{\"@type\":\"EntryPoint\",\"urlTemplate\":\"https:\\\/\\\/letto.at\\\/wordpress\\\/?s={search_term_string}\"},\"query-input\":{\"@type\":\"PropertyValueSpecification\",\"valueRequired\":true,\"valueName\":\"search_term_string\"}}],\"inLanguage\":\"de-AT\"},{\"@type\":\"Organization\",\"@id\":\"https:\\\/\\\/letto.at\\\/wordpress\\\/#organization\",\"name\":\"LeTTo\",\"url\":\"https:\\\/\\\/letto.at\\\/wordpress\\\/\",\"logo\":{\"@type\":\"ImageObject\",\"inLanguage\":\"de-AT\",\"@id\":\"https:\\\/\\\/letto.at\\\/wordpress\\\/#\\\/schema\\\/logo\\\/image\\\/\",\"url\":\"https:\\\/\\\/i0.wp.com\\\/letto.at\\\/wordpress\\\/wp-content\\\/uploads\\\/2020\\\/11\\\/cropped-logo-2.png?fit=600%2C363&ssl=1\",\"contentUrl\":\"https:\\\/\\\/i0.wp.com\\\/letto.at\\\/wordpress\\\/wp-content\\\/uploads\\\/2020\\\/11\\\/cropped-logo-2.png?fit=600%2C363&ssl=1\",\"width\":600,\"height\":363,\"caption\":\"LeTTo\"},\"image\":{\"@id\":\"https:\\\/\\\/letto.at\\\/wordpress\\\/#\\\/schema\\\/logo\\\/image\\\/\"},\"sameAs\":[\"https:\\\/\\\/www.youtube.com\\\/channel\\\/UCykp6jWvn-VCxwhgm7PZ4jw\"]}]}<\/script>\n<!-- \/ Yoast SEO plugin. -->","yoast_head_json":{"title":"How To - Multiple-Choice-Frage &#8211;","description":"Anleitung zur Erstellung einer LeTTo - Multiple-Choice-Frage. Kochrezept zur raschen und einfachen Fragenerstellung.","robots":{"index":"index","follow":"follow","max-snippet":"max-snippet:-1","max-image-preview":"max-image-preview:large","max-video-preview":"max-video-preview:-1"},"canonical":"https:\/\/letto.at\/wordpress\/index.php\/how-to-multiple-choice-frage\/","og_locale":"de_DE","og_type":"article","og_title":"How To - Multiple-Choice-Frage &#8211;","og_description":"Anleitung zur Erstellung einer LeTTo - Multiple-Choice-Frage. Kochrezept zur raschen und einfachen Fragenerstellung.","og_url":"https:\/\/letto.at\/wordpress\/index.php\/how-to-multiple-choice-frage\/","article_modified_time":"2021-11-18T11:44:23+00:00","og_image":[{"url":"https:\/\/letto.at\/wordpress\/wp-content\/uploads\/2021\/11\/LeTTo_edit_frageeinfuegen_mc_mit-Ziffern_neu-1024x296.jpg","type":"","width":"","height":""}],"twitter_card":"summary_large_image","twitter_misc":{"Gesch\u00e4tzte Lesezeit":"1 Minute"},"schema":{"@context":"https:\/\/schema.org","@graph":[{"@type":"WebPage","@id":"https:\/\/letto.at\/wordpress\/index.php\/how-to-multiple-choice-frage\/","url":"https:\/\/letto.at\/wordpress\/index.php\/how-to-multiple-choice-frage\/","name":"How To - Multiple-Choice-Frage &#8211;","isPartOf":{"@id":"https:\/\/letto.at\/wordpress\/#website"},"primaryImageOfPage":{"@id":"https:\/\/letto.at\/wordpress\/index.php\/how-to-multiple-choice-frage\/#primaryimage"},"image":{"@id":"https:\/\/letto.at\/wordpress\/index.php\/how-to-multiple-choice-frage\/#primaryimage"},"thumbnailUrl":"https:\/\/build.letto.at\/wordpress\/wp-content\/uploads\/2021\/11\/LeTTo_edit_frageeinfuegen_mc_mit-Ziffern_neu-1024x296.jpg","datePublished":"2020-11-07T20:27:28+00:00","dateModified":"2021-11-18T11:44:23+00:00","description":"Anleitung zur Erstellung einer LeTTo - Multiple-Choice-Frage. Kochrezept zur raschen und einfachen Fragenerstellung.","inLanguage":"de-AT","potentialAction":[{"@type":"ReadAction","target":["https:\/\/letto.at\/wordpress\/index.php\/how-to-multiple-choice-frage\/"]}]},{"@type":"ImageObject","inLanguage":"de-AT","@id":"https:\/\/letto.at\/wordpress\/index.php\/how-to-multiple-choice-frage\/#primaryimage","url":"https:\/\/i0.wp.com\/build.letto.at\/wordpress\/wp-content\/uploads\/2021\/11\/LeTTo_edit_frageeinfuegen_mc_mit-Ziffern_neu.jpg?fit=2020%2C583&ssl=1","contentUrl":"https:\/\/i0.wp.com\/build.letto.at\/wordpress\/wp-content\/uploads\/2021\/11\/LeTTo_edit_frageeinfuegen_mc_mit-Ziffern_neu.jpg?fit=2020%2C583&ssl=1","width":2020,"height":583},{"@type":"WebSite","@id":"https:\/\/letto.at\/wordpress\/#website","url":"https:\/\/letto.at\/wordpress\/","name":"LeTTo - MINT Performer","description":"Learning Evaluating Teaching Testing Online","publisher":{"@id":"https:\/\/letto.at\/wordpress\/#organization"},"potentialAction":[{"@type":"SearchAction","target":{"@type":"EntryPoint","urlTemplate":"https:\/\/letto.at\/wordpress\/?s={search_term_string}"},"query-input":{"@type":"PropertyValueSpecification","valueRequired":true,"valueName":"search_term_string"}}],"inLanguage":"de-AT"},{"@type":"Organization","@id":"https:\/\/letto.at\/wordpress\/#organization","name":"LeTTo","url":"https:\/\/letto.at\/wordpress\/","logo":{"@type":"ImageObject","inLanguage":"de-AT","@id":"https:\/\/letto.at\/wordpress\/#\/schema\/logo\/image\/","url":"https:\/\/i0.wp.com\/letto.at\/wordpress\/wp-content\/uploads\/2020\/11\/cropped-logo-2.png?fit=600%2C363&ssl=1","contentUrl":"https:\/\/i0.wp.com\/letto.at\/wordpress\/wp-content\/uploads\/2020\/11\/cropped-logo-2.png?fit=600%2C363&ssl=1","width":600,"height":363,"caption":"LeTTo"},"image":{"@id":"https:\/\/letto.at\/wordpress\/#\/schema\/logo\/image\/"},"sameAs":["https:\/\/www.youtube.com\/channel\/UCykp6jWvn-VCxwhgm7PZ4jw"]}]}},"uagb_featured_image_src":{"full":false,"thumbnail":false,"medium":false,"medium_large":false,"large":false,"1536x1536":false,"2048x2048":false},"uagb_author_info":{"display_name":"Daniel Asch","author_link":"https:\/\/build.letto.at\/wordpress\/index.php\/author\/daniel-asch\/"},"uagb_comment_info":0,"uagb_excerpt":"Anleitung zur Erstellung einer Multiple-Choice-Frage- siehe auch Video. F\u00fchren Sie die Schritte 1 bis 9 in der dargestellten Reihenfolge aus. 1. Rechtsklick an der Stelle der Markierung 1 &#8211; ein Men\u00fc wird sichtbar 2. W\u00e4hlen Sie die Option Frage einf\u00fcgen 3. Einf\u00fcgen Mulitple-Choice-Frage 4. Vergeben Sie einen Fragennamen 5. Formulieren Sie den Fragentext 6. Formulieren&hellip;","jetpack_sharing_enabled":true,"jetpack_likes_enabled":true,"_links":{"self":[{"href":"https:\/\/build.letto.at\/wordpress\/index.php\/wp-json\/wp\/v2\/pages\/60","targetHints":{"allow":["GET"]}}],"collection":[{"href":"https:\/\/build.letto.at\/wordpress\/index.php\/wp-json\/wp\/v2\/pages"}],"about":[{"href":"https:\/\/build.letto.at\/wordpress\/index.php\/wp-json\/wp\/v2\/types\/page"}],"author":[{"embeddable":true,"href":"https:\/\/build.letto.at\/wordpress\/index.php\/wp-json\/wp\/v2\/users\/3"}],"replies":[{"embeddable":true,"href":"https:\/\/build.letto.at\/wordpress\/index.php\/wp-json\/wp\/v2\/comments?post=60"}],"version-history":[{"count":13,"href":"https:\/\/build.letto.at\/wordpress\/index.php\/wp-json\/wp\/v2\/pages\/60\/revisions"}],"predecessor-version":[{"id":1517,"href":"https:\/\/build.letto.at\/wordpress\/index.php\/wp-json\/wp\/v2\/pages\/60\/revisions\/1517"}],"wp:attachment":[{"href":"https:\/\/build.letto.at\/wordpress\/index.php\/wp-json\/wp\/v2\/media?parent=60"}],"curies":[{"name":"wp","href":"https:\/\/api.w.org\/{rel}","templated":true}]}}