{"id":357,"date":"2020-11-15T16:12:38","date_gmt":"2020-11-15T16:12:38","guid":{"rendered":"https:\/\/letto.at\/wordpress\/?page_id=357"},"modified":"2020-12-29T20:58:05","modified_gmt":"2020-12-29T20:58:05","slug":"letto-fur-eltern","status":"publish","type":"page","link":"https:\/\/build.letto.at\/wordpress\/index.php\/letto-der-mint-performer-lernplattform\/letto-fur-eltern\/","title":{"rendered":"LeTTo f\u00fcr Eltern"},"content":{"rendered":"\n<div class=\"wp-block-cover has-background-dim\" style=\"background-image:url(https:\/\/build.letto.at\/wordpress\/wp-content\/uploads\/2020\/11\/Elternabend2.jpg);min-height:167px;aspect-ratio:unset;\"><div class=\"wp-block-cover__inner-container is-layout-flow wp-block-cover-is-layout-flow\">\n<p class=\"has-text-align-center has-large-font-size\">Elternabend &#8230; <strong>die Stunde der Wahrheit<\/strong><\/p>\n<\/div><\/div>\n\n\n\n<div style=\"height:62px\" aria-hidden=\"true\" class=\"wp-block-spacer\"><\/div>\n\n\n\n<div class=\"wp-block-columns is-layout-flex wp-container-core-columns-is-layout-28f84493 wp-block-columns-is-layout-flex\">\n<div class=\"wp-block-column is-vertically-aligned-top is-layout-flow wp-block-column-is-layout-flow\" style=\"flex-basis:45.5%\">\n<p class=\"has-medium-font-size\"><strong>LeTTo mit Durchblick f\u00fcr Eltern<\/strong><\/p>\n\n\n\n<div class=\"wp-block-image is-style-rounded\"><figure class=\"alignright size-large is-resized\"><img data-recalc-dims=\"1\" loading=\"lazy\" decoding=\"async\" src=\"https:\/\/i0.wp.com\/build.letto.at\/wordpress\/wp-content\/uploads\/2020\/11\/Leistungsdaten.jpg?resize=266%2C144&#038;ssl=1\" alt=\"\" class=\"wp-image-427\" width=\"266\" height=\"144\"\/><\/figure><\/div>\n\n\n\n<p>Die digitale Lernplattform <strong><mark>LeTTo<\/mark> <\/strong>stellt alle erbrachten Leistungen der Sch\u00fclerInnen<strong> im Sinne der DSGVO<\/strong> hochtransparent dar. Die gesammelten Leistungsdaten der Sch\u00fclerInnen k\u00f6nnen von den Sch\u00fclerInnen selbst, aber auch von deren Erziehungsberechtigten zu jederzeit und nur individuell (DSGVO) eingesehen werden &#8211; <strong>B\u00f6se \u00dcberraschungen am Elternabend bleiben durch LeTTo aus.<\/strong><\/p>\n<\/div>\n\n\n\n<div class=\"wp-block-column is-vertically-aligned-top is-layout-flow wp-block-column-is-layout-flow\" style=\"flex-basis:47.5%\">\n<p class=\"has-medium-font-size\"><strong><strong>Leistungsdiagnostig<\/strong>k<\/strong><\/p>\n\n\n\n<div class=\"wp-block-image is-style-rounded\"><figure class=\"alignright size-large is-resized\"><img data-recalc-dims=\"1\" loading=\"lazy\" decoding=\"async\" src=\"https:\/\/i0.wp.com\/build.letto.at\/wordpress\/wp-content\/uploads\/2020\/11\/Leistungsdaten2-1.jpg?resize=172%2C177&#038;ssl=1\" alt=\"\" class=\"wp-image-454\" width=\"172\" height=\"177\"\/><\/figure><\/div>\n\n\n\n<p class=\"has-text-align-left\">Die Lernplattform <strong><mark>LeTTo<\/mark> <\/strong>stellt alle erbrachten Leistungen der Sch\u00fclerInnen<strong> im Sinne der DSGVO<\/strong> hochtransparent dar. Die gesammelten Leistungsdaten der Sch\u00fclerInnen k\u00f6nnen von den Sch\u00fclerInnen selbst, aber auch von deren Erziehungsberechtigten zu jederzeit und nur individuell (DSGVO) eingesehen werden &#8211; <strong>B\u00f6se \u00dcberraschungen am Elternabend bleiben dank LeTTo aus.<\/strong><\/p>\n<\/div>\n<\/div>\n\n\n\n<div class=\"wp-block-columns is-layout-flex wp-container-core-columns-is-layout-28f84493 wp-block-columns-is-layout-flex\">\n<div class=\"wp-block-column is-vertically-aligned-top is-layout-flow wp-block-column-is-layout-flow\" style=\"flex-basis:45.5%\">\n<p class=\"has-medium-font-size\"><strong>Lehrer, Sch\u00fcler und Eltern immer informiert<\/strong><\/p>\n\n\n\n<div class=\"wp-block-image is-style-rounded\"><figure class=\"alignright size-large is-resized\"><img data-recalc-dims=\"1\" loading=\"lazy\" decoding=\"async\" src=\"https:\/\/i0.wp.com\/build.letto.at\/wordpress\/wp-content\/uploads\/2020\/11\/LeTTo_Lehrer-2.jpg?resize=199%2C189&#038;ssl=1\" alt=\"\" class=\"wp-image-664\" width=\"199\" height=\"189\"\/><\/figure><\/div>\n\n\n\n<p>Nat\u00fcrlich erfasst eine digitale Lernplattform nicht alle leistungsrelevanten Parameter eines Menschen. Die emotionale Welt der Sch\u00fclerInnen (Schicksalsschl\u00e4ge, Liebeskummer, usw.) kann\/soll auch nicht dokumentiert werden. F\u00fcr das fachliche Leistungsbild der Sch\u00fclerInnen sind diese Einfl\u00fcsse dennoch signifikant. <strong><mark>LeTTo<\/mark> <\/strong>l\u00e4sst keine asymmetrische Informationslage zwischen Sch\u00fclerInnen und LehrerInnen bez\u00fcglich der erbrachten Leistungen zu. Die P\u00e4dagogInnen werden bei der Notengebung unterst\u00fctzt &#8211; die Note wird objektiver. Die enorme Leistungsdatentransparenz f\u00fchrt unmittelbar zu einer Noten-Akzeptanz seitens der Sch\u00fclerInnen und Eltern.<\/p>\n<\/div>\n\n\n\n<div class=\"wp-block-column is-vertically-aligned-top is-layout-flow wp-block-column-is-layout-flow\" style=\"flex-basis:47.5%\">\n<p class=\"has-medium-font-size\"><strong><strong>Kompetenzraster<\/strong><\/strong><\/p>\n\n\n\n<div class=\"wp-block-image is-style-rounded\"><figure class=\"alignright size-large is-resized\"><img data-recalc-dims=\"1\" loading=\"lazy\" decoding=\"async\" src=\"https:\/\/i0.wp.com\/build.letto.at\/wordpress\/wp-content\/uploads\/2020\/11\/kompetenzorientierter_Notenkatalog_Screenshot-1.jpg?resize=267%2C183&#038;ssl=1\" alt=\"\" class=\"wp-image-166\" width=\"267\" height=\"183\"\/><\/figure><\/div>\n\n\n\n<p class=\"has-text-align-left\">Kompetenzen und Lehrziele sind im Lehrplan definiert. Die dokumentierten Leistungen werden von <strong><mark>LeTTo<\/mark> <\/strong>vollautomatisch &#8211; entsprechend dem Kompetenzraster &#8211; gefiltert und ausgewertet. Diese Auflistung gibt detaillierten Aufschluss \u00fcber die erbrachten und nicht erbrachten Kompetenzen der Sch\u00fclerInnen. <strong><mark>LeTTo<\/mark> <\/strong>stellt diese Auswertung den Sch\u00fclerInnen und Erziehungsberechtigten im Sinne der DSGVO hochtransparent und individuell zur Verf\u00fcgung. Diese Informationen dienen als Basis f\u00fcr eine individuelle F\u00f6rderung der Sch\u00fclerInnen.<\/p>\n<\/div>\n<\/div>\n\n\n\n<div class=\"wp-block-columns is-layout-flex wp-container-core-columns-is-layout-28f84493 wp-block-columns-is-layout-flex\">\n<div class=\"wp-block-column is-vertically-aligned-top is-layout-flow wp-block-column-is-layout-flow\" style=\"flex-basis:45.5%\">\n<p class=\"has-medium-font-size\"><strong>\u00dcbung macht den Meister<\/strong><\/p>\n\n\n\n<div class=\"wp-block-image is-style-rounded\"><figure class=\"alignright size-large is-resized\"><img data-recalc-dims=\"1\" loading=\"lazy\" decoding=\"async\" src=\"https:\/\/i0.wp.com\/build.letto.at\/wordpress\/wp-content\/uploads\/2020\/11\/elfer.jpg?resize=299%2C171&#038;ssl=1\" alt=\"\" class=\"wp-image-429\" width=\"299\" height=\"171\"\/><\/figure><\/div>\n\n\n\n<p>Jede \u00dcbung am <mark><strong>LeTTo<\/strong>-Server<\/mark> kann von den Sch\u00fclerInnen beliebig oft als Pr\u00fcfungsvorbereitung absolviert werden. Die Sch\u00fclerInnen \u00fcben mit eigenem Tempo und sofortigem Feedback. Die zeitnahe Selbstkontrolle motiviert enorm. Der hohe Aussto\u00df an Botenstoffen f\u00fchrt zu einer schnelleren Vernetzung der Synapsen im Gehirn &#8211; effektiveres Lernen ist die Folge. <mark>Pr\u00fcfungssituationen werden<\/mark> simuliert und Pr\u00fcfungs\u00e4ngste abgebaut. Der hohe Individualisierungsgrad von <mark><strong>LeTTo<\/strong>-Aufgaben<\/mark> zwingt Sch\u00fclerInnen, die Beispiele selbst zu l\u00f6sen. Die Pr\u00fcfungsergebnisse werden dadurch letztlich optimiert.<\/p>\n<\/div>\n\n\n\n<div class=\"wp-block-column is-vertically-aligned-top is-layout-flow wp-block-column-is-layout-flow\" style=\"flex-basis:47.5%\">\n<p class=\"has-medium-font-size\"><\/p>\n\n\n\n<p class=\"has-text-align-left\"><\/p>\n<\/div>\n<\/div>\n\n\n\n<p><\/p>\n","protected":false},"excerpt":{"rendered":"<p>LeTTo mit Durchblick f\u00fcr Eltern Die digitale Lernplattform LeTTo stellt alle erbrachten Leistungen der Sch\u00fclerInnen im Sinne der DSGVO hochtransparent dar. Die gesammelten Leistungsdaten der Sch\u00fclerInnen k\u00f6nnen von den Sch\u00fclerInnen selbst, aber auch von deren Erziehungsberechtigten zu jederzeit und nur individuell (DSGVO) eingesehen werden &#8211; B\u00f6se \u00dcberraschungen am Elternabend bleiben durch LeTTo aus. Leistungsdiagnostigk Die [&hellip;]<\/p>\n","protected":false},"author":4,"featured_media":0,"parent":69,"menu_order":0,"comment_status":"closed","ping_status":"closed","template":"","meta":{"_uag_custom_page_level_css":"","site-sidebar-layout":"default","site-content-layout":"default","ast-site-content-layout":"default","site-content-style":"default","site-sidebar-style":"default","ast-global-header-display":"","ast-banner-title-visibility":"","ast-main-header-display":"","ast-hfb-above-header-display":"","ast-hfb-below-header-display":"","ast-hfb-mobile-header-display":"","site-post-title":"","ast-breadcrumbs-content":"","ast-featured-img":"","footer-sml-layout":"","theme-transparent-header-meta":"default","adv-header-id-meta":"","stick-header-meta":"","header-above-stick-meta":"","header-main-stick-meta":"","header-below-stick-meta":"","astra-migrate-meta-layouts":"default","ast-page-background-enabled":"default","ast-page-background-meta":{"desktop":{"background-color":"","background-image":"","background-repeat":"repeat","background-position":"center center","background-size":"auto","background-attachment":"scroll","background-type":"","background-media":"","overlay-type":"","overlay-color":"","overlay-opacity":"","overlay-gradient":""},"tablet":{"background-color":"","background-image":"","background-repeat":"repeat","background-position":"center center","background-size":"auto","background-attachment":"scroll","background-type":"","background-media":"","overlay-type":"","overlay-color":"","overlay-opacity":"","overlay-gradient":""},"mobile":{"background-color":"","background-image":"","background-repeat":"repeat","background-position":"center center","background-size":"auto","background-attachment":"scroll","background-type":"","background-media":"","overlay-type":"","overlay-color":"","overlay-opacity":"","overlay-gradient":""}},"ast-content-background-meta":{"desktop":{"background-color":"var(--ast-global-color-5)","background-image":"","background-repeat":"repeat","background-position":"center center","background-size":"auto","background-attachment":"scroll","background-type":"","background-media":"","overlay-type":"","overlay-color":"","overlay-opacity":"","overlay-gradient":""},"tablet":{"background-color":"var(--ast-global-color-5)","background-image":"","background-repeat":"repeat","background-position":"center center","background-size":"auto","background-attachment":"scroll","background-type":"","background-media":"","overlay-type":"","overlay-color":"","overlay-opacity":"","overlay-gradient":""},"mobile":{"background-color":"var(--ast-global-color-5)","background-image":"","background-repeat":"repeat","background-position":"center center","background-size":"auto","background-attachment":"scroll","background-type":"","background-media":"","overlay-type":"","overlay-color":"","overlay-opacity":"","overlay-gradient":""}},"footnotes":""},"class_list":["post-357","page","type-page","status-publish","hentry"],"yoast_head":"<!-- This site is optimized with the Yoast SEO plugin v27.4 - https:\/\/yoast.com\/product\/yoast-seo-wordpress\/ -->\n<title>LeTTo f\u00fcr Eltern &#8211;<\/title>\n<meta name=\"robots\" content=\"index, follow, max-snippet:-1, max-image-preview:large, max-video-preview:-1\" \/>\n<link rel=\"canonical\" href=\"https:\/\/letto.at\/wordpress\/index.php\/letto-der-mint-performer-lernplattform\/letto-fur-eltern\/\" \/>\n<meta property=\"og:locale\" content=\"de_DE\" \/>\n<meta property=\"og:type\" content=\"article\" \/>\n<meta property=\"og:title\" content=\"LeTTo f\u00fcr Eltern &#8211;\" \/>\n<meta property=\"og:description\" content=\"LeTTo mit Durchblick f\u00fcr Eltern Die digitale Lernplattform LeTTo stellt alle erbrachten Leistungen der Sch\u00fclerInnen im Sinne der DSGVO hochtransparent dar. Die gesammelten Leistungsdaten der Sch\u00fclerInnen k\u00f6nnen von den Sch\u00fclerInnen selbst, aber auch von deren Erziehungsberechtigten zu jederzeit und nur individuell (DSGVO) eingesehen werden &#8211; B\u00f6se \u00dcberraschungen am Elternabend bleiben durch LeTTo aus. Leistungsdiagnostigk Die [&hellip;]\" \/>\n<meta property=\"og:url\" content=\"https:\/\/letto.at\/wordpress\/index.php\/letto-der-mint-performer-lernplattform\/letto-fur-eltern\/\" \/>\n<meta property=\"article:modified_time\" content=\"2020-12-29T20:58:05+00:00\" \/>\n<meta property=\"og:image\" content=\"https:\/\/letto.at\/wordpress\/wp-content\/uploads\/2020\/11\/Leistungsdaten.jpg\" \/>\n<meta name=\"twitter:card\" content=\"summary_large_image\" \/>\n<meta name=\"twitter:label1\" content=\"Gesch\u00e4tzte Lesezeit\" \/>\n\t<meta name=\"twitter:data1\" content=\"2 Minuten\" \/>\n<script type=\"application\/ld+json\" class=\"yoast-schema-graph\">{\"@context\":\"https:\\\/\\\/schema.org\",\"@graph\":[{\"@type\":\"WebPage\",\"@id\":\"https:\\\/\\\/letto.at\\\/wordpress\\\/index.php\\\/letto-der-mint-performer-lernplattform\\\/letto-fur-eltern\\\/\",\"url\":\"https:\\\/\\\/letto.at\\\/wordpress\\\/index.php\\\/letto-der-mint-performer-lernplattform\\\/letto-fur-eltern\\\/\",\"name\":\"LeTTo f\u00fcr Eltern &#8211;\",\"isPartOf\":{\"@id\":\"https:\\\/\\\/letto.at\\\/wordpress\\\/#website\"},\"primaryImageOfPage\":{\"@id\":\"https:\\\/\\\/letto.at\\\/wordpress\\\/index.php\\\/letto-der-mint-performer-lernplattform\\\/letto-fur-eltern\\\/#primaryimage\"},\"image\":{\"@id\":\"https:\\\/\\\/letto.at\\\/wordpress\\\/index.php\\\/letto-der-mint-performer-lernplattform\\\/letto-fur-eltern\\\/#primaryimage\"},\"thumbnailUrl\":\"https:\\\/\\\/build.letto.at\\\/wordpress\\\/wp-content\\\/uploads\\\/2020\\\/11\\\/Leistungsdaten.jpg\",\"datePublished\":\"2020-11-15T16:12:38+00:00\",\"dateModified\":\"2020-12-29T20:58:05+00:00\",\"breadcrumb\":{\"@id\":\"https:\\\/\\\/letto.at\\\/wordpress\\\/index.php\\\/letto-der-mint-performer-lernplattform\\\/letto-fur-eltern\\\/#breadcrumb\"},\"inLanguage\":\"de-AT\",\"potentialAction\":[{\"@type\":\"ReadAction\",\"target\":[\"https:\\\/\\\/letto.at\\\/wordpress\\\/index.php\\\/letto-der-mint-performer-lernplattform\\\/letto-fur-eltern\\\/\"]}]},{\"@type\":\"ImageObject\",\"inLanguage\":\"de-AT\",\"@id\":\"https:\\\/\\\/letto.at\\\/wordpress\\\/index.php\\\/letto-der-mint-performer-lernplattform\\\/letto-fur-eltern\\\/#primaryimage\",\"url\":\"https:\\\/\\\/i0.wp.com\\\/build.letto.at\\\/wordpress\\\/wp-content\\\/uploads\\\/2020\\\/11\\\/Leistungsdaten.jpg?fit=954%2C435&ssl=1\",\"contentUrl\":\"https:\\\/\\\/i0.wp.com\\\/build.letto.at\\\/wordpress\\\/wp-content\\\/uploads\\\/2020\\\/11\\\/Leistungsdaten.jpg?fit=954%2C435&ssl=1\",\"width\":954,\"height\":435},{\"@type\":\"BreadcrumbList\",\"@id\":\"https:\\\/\\\/letto.at\\\/wordpress\\\/index.php\\\/letto-der-mint-performer-lernplattform\\\/letto-fur-eltern\\\/#breadcrumb\",\"itemListElement\":[{\"@type\":\"ListItem\",\"position\":1,\"name\":\"LeTTo die Lernplattform der Technik!\",\"item\":\"https:\\\/\\\/letto.at\\\/wordpress\\\/\"},{\"@type\":\"ListItem\",\"position\":2,\"name\":\"LeTTo f\u00fcr Eltern\"}]},{\"@type\":\"WebSite\",\"@id\":\"https:\\\/\\\/letto.at\\\/wordpress\\\/#website\",\"url\":\"https:\\\/\\\/letto.at\\\/wordpress\\\/\",\"name\":\"LeTTo - MINT Performer\",\"description\":\"Learning Evaluating Teaching Testing Online\",\"publisher\":{\"@id\":\"https:\\\/\\\/letto.at\\\/wordpress\\\/#organization\"},\"potentialAction\":[{\"@type\":\"SearchAction\",\"target\":{\"@type\":\"EntryPoint\",\"urlTemplate\":\"https:\\\/\\\/letto.at\\\/wordpress\\\/?s={search_term_string}\"},\"query-input\":{\"@type\":\"PropertyValueSpecification\",\"valueRequired\":true,\"valueName\":\"search_term_string\"}}],\"inLanguage\":\"de-AT\"},{\"@type\":\"Organization\",\"@id\":\"https:\\\/\\\/letto.at\\\/wordpress\\\/#organization\",\"name\":\"LeTTo\",\"url\":\"https:\\\/\\\/letto.at\\\/wordpress\\\/\",\"logo\":{\"@type\":\"ImageObject\",\"inLanguage\":\"de-AT\",\"@id\":\"https:\\\/\\\/letto.at\\\/wordpress\\\/#\\\/schema\\\/logo\\\/image\\\/\",\"url\":\"https:\\\/\\\/i0.wp.com\\\/letto.at\\\/wordpress\\\/wp-content\\\/uploads\\\/2020\\\/11\\\/cropped-logo-2.png?fit=600%2C363&ssl=1\",\"contentUrl\":\"https:\\\/\\\/i0.wp.com\\\/letto.at\\\/wordpress\\\/wp-content\\\/uploads\\\/2020\\\/11\\\/cropped-logo-2.png?fit=600%2C363&ssl=1\",\"width\":600,\"height\":363,\"caption\":\"LeTTo\"},\"image\":{\"@id\":\"https:\\\/\\\/letto.at\\\/wordpress\\\/#\\\/schema\\\/logo\\\/image\\\/\"},\"sameAs\":[\"https:\\\/\\\/www.youtube.com\\\/channel\\\/UCykp6jWvn-VCxwhgm7PZ4jw\"]}]}<\/script>\n<!-- \/ Yoast SEO plugin. -->","yoast_head_json":{"title":"LeTTo f\u00fcr Eltern &#8211;","robots":{"index":"index","follow":"follow","max-snippet":"max-snippet:-1","max-image-preview":"max-image-preview:large","max-video-preview":"max-video-preview:-1"},"canonical":"https:\/\/letto.at\/wordpress\/index.php\/letto-der-mint-performer-lernplattform\/letto-fur-eltern\/","og_locale":"de_DE","og_type":"article","og_title":"LeTTo f\u00fcr Eltern &#8211;","og_description":"LeTTo mit Durchblick f\u00fcr Eltern Die digitale Lernplattform LeTTo stellt alle erbrachten Leistungen der Sch\u00fclerInnen im Sinne der DSGVO hochtransparent dar. Die gesammelten Leistungsdaten der Sch\u00fclerInnen k\u00f6nnen von den Sch\u00fclerInnen selbst, aber auch von deren Erziehungsberechtigten zu jederzeit und nur individuell (DSGVO) eingesehen werden &#8211; B\u00f6se \u00dcberraschungen am Elternabend bleiben durch LeTTo aus. Leistungsdiagnostigk Die [&hellip;]","og_url":"https:\/\/letto.at\/wordpress\/index.php\/letto-der-mint-performer-lernplattform\/letto-fur-eltern\/","article_modified_time":"2020-12-29T20:58:05+00:00","og_image":[{"url":"https:\/\/letto.at\/wordpress\/wp-content\/uploads\/2020\/11\/Leistungsdaten.jpg","type":"","width":"","height":""}],"twitter_card":"summary_large_image","twitter_misc":{"Gesch\u00e4tzte Lesezeit":"2 Minuten"},"schema":{"@context":"https:\/\/schema.org","@graph":[{"@type":"WebPage","@id":"https:\/\/letto.at\/wordpress\/index.php\/letto-der-mint-performer-lernplattform\/letto-fur-eltern\/","url":"https:\/\/letto.at\/wordpress\/index.php\/letto-der-mint-performer-lernplattform\/letto-fur-eltern\/","name":"LeTTo f\u00fcr Eltern &#8211;","isPartOf":{"@id":"https:\/\/letto.at\/wordpress\/#website"},"primaryImageOfPage":{"@id":"https:\/\/letto.at\/wordpress\/index.php\/letto-der-mint-performer-lernplattform\/letto-fur-eltern\/#primaryimage"},"image":{"@id":"https:\/\/letto.at\/wordpress\/index.php\/letto-der-mint-performer-lernplattform\/letto-fur-eltern\/#primaryimage"},"thumbnailUrl":"https:\/\/build.letto.at\/wordpress\/wp-content\/uploads\/2020\/11\/Leistungsdaten.jpg","datePublished":"2020-11-15T16:12:38+00:00","dateModified":"2020-12-29T20:58:05+00:00","breadcrumb":{"@id":"https:\/\/letto.at\/wordpress\/index.php\/letto-der-mint-performer-lernplattform\/letto-fur-eltern\/#breadcrumb"},"inLanguage":"de-AT","potentialAction":[{"@type":"ReadAction","target":["https:\/\/letto.at\/wordpress\/index.php\/letto-der-mint-performer-lernplattform\/letto-fur-eltern\/"]}]},{"@type":"ImageObject","inLanguage":"de-AT","@id":"https:\/\/letto.at\/wordpress\/index.php\/letto-der-mint-performer-lernplattform\/letto-fur-eltern\/#primaryimage","url":"https:\/\/i0.wp.com\/build.letto.at\/wordpress\/wp-content\/uploads\/2020\/11\/Leistungsdaten.jpg?fit=954%2C435&ssl=1","contentUrl":"https:\/\/i0.wp.com\/build.letto.at\/wordpress\/wp-content\/uploads\/2020\/11\/Leistungsdaten.jpg?fit=954%2C435&ssl=1","width":954,"height":435},{"@type":"BreadcrumbList","@id":"https:\/\/letto.at\/wordpress\/index.php\/letto-der-mint-performer-lernplattform\/letto-fur-eltern\/#breadcrumb","itemListElement":[{"@type":"ListItem","position":1,"name":"LeTTo die Lernplattform der Technik!","item":"https:\/\/letto.at\/wordpress\/"},{"@type":"ListItem","position":2,"name":"LeTTo f\u00fcr Eltern"}]},{"@type":"WebSite","@id":"https:\/\/letto.at\/wordpress\/#website","url":"https:\/\/letto.at\/wordpress\/","name":"LeTTo - MINT Performer","description":"Learning Evaluating Teaching Testing Online","publisher":{"@id":"https:\/\/letto.at\/wordpress\/#organization"},"potentialAction":[{"@type":"SearchAction","target":{"@type":"EntryPoint","urlTemplate":"https:\/\/letto.at\/wordpress\/?s={search_term_string}"},"query-input":{"@type":"PropertyValueSpecification","valueRequired":true,"valueName":"search_term_string"}}],"inLanguage":"de-AT"},{"@type":"Organization","@id":"https:\/\/letto.at\/wordpress\/#organization","name":"LeTTo","url":"https:\/\/letto.at\/wordpress\/","logo":{"@type":"ImageObject","inLanguage":"de-AT","@id":"https:\/\/letto.at\/wordpress\/#\/schema\/logo\/image\/","url":"https:\/\/i0.wp.com\/letto.at\/wordpress\/wp-content\/uploads\/2020\/11\/cropped-logo-2.png?fit=600%2C363&ssl=1","contentUrl":"https:\/\/i0.wp.com\/letto.at\/wordpress\/wp-content\/uploads\/2020\/11\/cropped-logo-2.png?fit=600%2C363&ssl=1","width":600,"height":363,"caption":"LeTTo"},"image":{"@id":"https:\/\/letto.at\/wordpress\/#\/schema\/logo\/image\/"},"sameAs":["https:\/\/www.youtube.com\/channel\/UCykp6jWvn-VCxwhgm7PZ4jw"]}]}},"uagb_featured_image_src":{"full":false,"thumbnail":false,"medium":false,"medium_large":false,"large":false,"1536x1536":false,"2048x2048":false},"uagb_author_info":{"display_name":"wpadmin","author_link":"https:\/\/build.letto.at\/wordpress\/index.php\/author\/wpadmin\/"},"uagb_comment_info":0,"uagb_excerpt":"LeTTo mit Durchblick f\u00fcr Eltern Die digitale Lernplattform LeTTo stellt alle erbrachten Leistungen der Sch\u00fclerInnen im Sinne der DSGVO hochtransparent dar. Die gesammelten Leistungsdaten der Sch\u00fclerInnen k\u00f6nnen von den Sch\u00fclerInnen selbst, aber auch von deren Erziehungsberechtigten zu jederzeit und nur individuell (DSGVO) eingesehen werden &#8211; B\u00f6se \u00dcberraschungen am Elternabend bleiben durch LeTTo aus. Leistungsdiagnostigk Die&hellip;","jetpack_sharing_enabled":true,"jetpack_likes_enabled":true,"_links":{"self":[{"href":"https:\/\/build.letto.at\/wordpress\/index.php\/wp-json\/wp\/v2\/pages\/357","targetHints":{"allow":["GET"]}}],"collection":[{"href":"https:\/\/build.letto.at\/wordpress\/index.php\/wp-json\/wp\/v2\/pages"}],"about":[{"href":"https:\/\/build.letto.at\/wordpress\/index.php\/wp-json\/wp\/v2\/types\/page"}],"author":[{"embeddable":true,"href":"https:\/\/build.letto.at\/wordpress\/index.php\/wp-json\/wp\/v2\/users\/4"}],"replies":[{"embeddable":true,"href":"https:\/\/build.letto.at\/wordpress\/index.php\/wp-json\/wp\/v2\/comments?post=357"}],"version-history":[{"count":48,"href":"https:\/\/build.letto.at\/wordpress\/index.php\/wp-json\/wp\/v2\/pages\/357\/revisions"}],"predecessor-version":[{"id":874,"href":"https:\/\/build.letto.at\/wordpress\/index.php\/wp-json\/wp\/v2\/pages\/357\/revisions\/874"}],"up":[{"embeddable":true,"href":"https:\/\/build.letto.at\/wordpress\/index.php\/wp-json\/wp\/v2\/pages\/69"}],"wp:attachment":[{"href":"https:\/\/build.letto.at\/wordpress\/index.php\/wp-json\/wp\/v2\/media?parent=357"}],"curies":[{"name":"wp","href":"https:\/\/api.w.org\/{rel}","templated":true}]}}