{"id":2732,"date":"2023-11-28T19:56:28","date_gmt":"2023-11-28T19:56:28","guid":{"rendered":"https:\/\/letto.at\/wordpress\/?page_id=2732"},"modified":"2025-06-10T06:13:29","modified_gmt":"2025-06-10T06:13:29","slug":"letto-wissenschaft","status":"publish","type":"page","link":"https:\/\/build.letto.at\/wordpress\/index.php\/letto-der-mint-performer-lernplattform\/letto-wissenschaft\/","title":{"rendered":"LeTTo &#038; Wissenschaft"},"content":{"rendered":"\n<div class=\"wp-block-columns is-layout-flex wp-container-core-columns-is-layout-28f84493 wp-block-columns-is-layout-flex\">\n<div class=\"wp-block-column is-layout-flow wp-block-column-is-layout-flow\">\n<p>Die Entwicklung von <strong>LeTTo <\/strong>wird wissenschaftlich begleitet. Eine Sammlung von wissenschaftlichen Arbeiten betreffend <strong>LeTTo <\/strong>und Einsatz von<strong> LeTTo <\/strong>im Unterricht<strong> <\/strong>werden hier zum Download bereitgestellt. <\/p>\n<\/div>\n<\/div>\n\n\n\n<div class=\"wp-block-uagb-separator uagb-block-fd147105\"><div class=\"wp-block-uagb-separator__inner\" style=\"--my-background-image:\"><\/div><\/div>\n\n\n\n<ul class=\"wp-block-list\">\n<li style=\"font-size:14px\"><a href=\"https:\/\/build.letto.at\/wordpress\/wp-content\/uploads\/2022\/09\/Kompetenzentwicklung_u_Motivationssteigerung_LeTTo.pdf\" target=\"_blank\" rel=\"noreferrer noopener\">Kompetenzentwicklung und Motivationssteigerung durch den Einsatz des E-Learning Systems LeTTo, 2020, Pfahler<\/a><\/li>\n\n\n\n<li style=\"font-size:14px\"><a href=\"https:\/\/build.letto.at\/wordpress\/wp-content\/uploads\/2022\/06\/LeTTo_Effekt_LBS_Stockerau_10_06_2022.pdf\" target=\"_blank\" rel=\"noreferrer noopener\">Landesberufsschule Stockerau \u2013 LeTTo-Effekt wird gr\u00f6\u00dfer<\/a>, <a href=\"https:\/\/build.letto.at\/wordpress\/wp-content\/uploads\/2022\/06\/LeTTo_Effekt_LBS_Stockerau_10_06_2022.pdf\" target=\"_blank\" rel=\"noreferrer noopener\">2021, Pfahler &amp; Hopfeld et al.<\/a><\/li>\n\n\n\n<li style=\"font-size:14px\"><a href=\"https:\/\/build.letto.at\/wordpress\/wp-content\/uploads\/2021\/06\/LeTTo_Effekt_LBS_Stockerau_13_06_2021.pdf\" target=\"_blank\" rel=\"noreferrer noopener\">Nachhaltiger LeTTo-Effekt in der Landesberufsschule Stockerau<\/a>, <a href=\"https:\/\/build.letto.at\/wordpress\/wp-content\/uploads\/2021\/06\/LeTTo_Effekt_LBS_Stockerau_13_06_2021.pdf\">2021, Pfahler &amp; Hopfeld et al.<\/a><\/li>\n\n\n\n<li style=\"font-size:14px\"><a href=\"https:\/\/build.letto.at\/wordpress\/wp-content\/uploads\/2021\/05\/LeTTo_Effekt_HTL_ST_Poelten.pdf\" target=\"_blank\" rel=\"noreferrer noopener\">LeTTo Effekt an der HTL St. P\u00f6lten, 2021, Pfahler &amp; Asch<\/a><\/li>\n\n\n\n<li style=\"font-size:14px\"><a href=\"https:\/\/build.letto.at\/wordpress\/wp-content\/uploads\/2023\/11\/BACHELORARBEIT-Hausberger-Wolfgang_V7-Abgabe.pdf\" target=\"_blank\" rel=\"noreferrer noopener\">Warum und wie kommt es zu dem sogenannten LeTTo-Effekt und welche Unterschiede stellen sich an den Schulen LBS Stockerau und HTL St. P\u00f6lten dar?, 2023, Hausberger<\/a><\/li>\n\n\n\n<li><a href=\"https:\/\/build.letto.at\/wordpress\/wp-content\/uploads\/2024\/10\/Grundlagenerarbeitung-fuer-die-fachdidaktische-und-paedagogische-sinnvolle-Umsetzung-des-Themengebietes-Umfassende-Landesverteidigung-an-der-HTL-Hollabrunn.pdf\" target=\"_blank\" rel=\"noreferrer noopener\">Grundlagenerarbeitung f\u00fcr die fachdidaktische und p\u00e4dagogische sinnvolle Umsetzung des Themengebietes &#8222;Umfassende Landesverteidigung&#8220; an der HTL Hollabrunn. Grundlagenerarbeitung f\u00fcr die zuk\u00fcnftige Entwicklung, Implementierung und Anwendung dieses Themengebietes auf der Lernplattform LeTTo, 2024, Bolyos-Gie\u00dfmann<\/a><\/li>\n\n\n\n<li><a href=\"https:\/\/build.letto.at\/wordpress\/wp-content\/uploads\/2025\/02\/Bak_Johannes_Heissenberger__Umsetzung-eines-interaktiven-Laborunterrichts-auf-der-digitalen-Lernplattform-LeTTo.pdf\"><span lang=\"DE\" style=\"font-size:11.0pt;font-family:\n&quot;Calibri&quot;,sans-serif;mso-ascii-theme-font:major-latin;mso-fareast-font-family:\n&quot;MS Mincho&quot;;mso-fareast-theme-font:minor-fareast;mso-hansi-theme-font:major-latin;\nmso-bidi-font-family:Tahoma;color:#000066;mso-ansi-language:DE;mso-fareast-language:\nDE;mso-bidi-language:AR-SA;mso-no-proof:yes\">Umsetzung eines interaktiven Laborunterrichts auf der digitalen Lernplattform \u201dLeTTo\u201d<\/span>, 2025, Heissenberger<\/a><\/li>\n<\/ul>\n\n\n\n<div class=\"wp-block-uagb-icon-list uagb-block-a561ebf7\"><div class=\"uagb-icon-list__wrap\">\n<div class=\"wp-block-uagb-icon-list-child uagb-block-bd4e6bd4\"><span class=\"uagb-icon-list__source-wrap\"><svg xmlns=\"https:\/\/www.w3.org\/2000\/svg\" viewBox=\"0 0 512 512\"><path d=\"M256 0C114.6 0 0 114.6 0 256c0 141.4 114.6 256 256 256s256-114.6 256-256C512 114.6 397.4 0 256 0zM406.6 278.6l-103.1 103.1c-12.5 12.5-32.75 12.5-45.25 0s-12.5-32.75 0-45.25L306.8 288H128C110.3 288 96 273.7 96 256s14.31-32 32-32h178.8l-49.38-49.38c-12.5-12.5-12.5-32.75 0-45.25s32.75-12.5 45.25 0l103.1 103.1C414.6 241.3 416 251.1 416 256C416 260.9 414.6 270.7 406.6 278.6z\"><\/path><\/svg><\/span><span class=\"uagb-icon-list__label\">List item<\/span><\/div>\n\n\n\n<div class=\"wp-block-uagb-icon-list-child uagb-block-c6433261\"><span class=\"uagb-icon-list__source-wrap\"><svg xmlns=\"https:\/\/www.w3.org\/2000\/svg\" viewBox=\"0 0 512 512\"><path d=\"M256 0C114.6 0 0 114.6 0 256c0 141.4 114.6 256 256 256s256-114.6 256-256C512 114.6 397.4 0 256 0zM406.6 278.6l-103.1 103.1c-12.5 12.5-32.75 12.5-45.25 0s-12.5-32.75 0-45.25L306.8 288H128C110.3 288 96 273.7 96 256s14.31-32 32-32h178.8l-49.38-49.38c-12.5-12.5-12.5-32.75 0-45.25s32.75-12.5 45.25 0l103.1 103.1C414.6 241.3 416 251.1 416 256C416 260.9 414.6 270.7 406.6 278.6z\"><\/path><\/svg><\/span><\/div>\n<\/div><\/div>\n\n\n\n<div class=\"wp-block-uagb-separator uagb-block-c104b31c\"><div class=\"wp-block-uagb-separator__inner\" style=\"--my-background-image:\"><\/div><\/div>\n\n\n\n<p><strong>Diplomarbeiten von Sch\u00fcler: innen betreffend oder mit LeTTo realisiert<\/strong><\/p>\n\n\n\n<ul class=\"wp-block-list\">\n<li><a href=\"https:\/\/build.letto.at\/wordpress\/wp-content\/uploads\/2025\/06\/Diplomarbeit-Konstruktionsrichtlinie_mit_LeTTo.pdf\" target=\"_blank\" rel=\"noreferrer noopener\">Konstruktionsrichtlinie, 2025, Huber, Hackl, Gutmann, Pabisch, Diplomarbeit der HTL Weiz<\/a><\/li>\n<\/ul>\n\n\n\n<p><\/p>\n","protected":false},"excerpt":{"rendered":"<p>Die Entwicklung von LeTTo wird wissenschaftlich begleitet. Eine Sammlung von wissenschaftlichen Arbeiten betreffend LeTTo und Einsatz von LeTTo im Unterricht werden hier zum Download bereitgestellt. Diplomarbeiten von Sch\u00fcler: innen betreffend oder mit LeTTo realisiert<\/p>\n","protected":false},"author":4,"featured_media":0,"parent":69,"menu_order":0,"comment_status":"closed","ping_status":"closed","template":"","meta":{"_uag_custom_page_level_css":"","site-sidebar-layout":"default","site-content-layout":"","ast-site-content-layout":"default","site-content-style":"default","site-sidebar-style":"default","ast-global-header-display":"","ast-banner-title-visibility":"","ast-main-header-display":"","ast-hfb-above-header-display":"","ast-hfb-below-header-display":"","ast-hfb-mobile-header-display":"","site-post-title":"","ast-breadcrumbs-content":"","ast-featured-img":"","footer-sml-layout":"","theme-transparent-header-meta":"","adv-header-id-meta":"","stick-header-meta":"","header-above-stick-meta":"","header-main-stick-meta":"","header-below-stick-meta":"","astra-migrate-meta-layouts":"set","ast-page-background-enabled":"default","ast-page-background-meta":{"desktop":{"background-color":"","background-image":"","background-repeat":"repeat","background-position":"center center","background-size":"auto","background-attachment":"scroll","background-type":"","background-media":"","overlay-type":"","overlay-color":"","overlay-opacity":"","overlay-gradient":""},"tablet":{"background-color":"","background-image":"","background-repeat":"repeat","background-position":"center center","background-size":"auto","background-attachment":"scroll","background-type":"","background-media":"","overlay-type":"","overlay-color":"","overlay-opacity":"","overlay-gradient":""},"mobile":{"background-color":"","background-image":"","background-repeat":"repeat","background-position":"center center","background-size":"auto","background-attachment":"scroll","background-type":"","background-media":"","overlay-type":"","overlay-color":"","overlay-opacity":"","overlay-gradient":""}},"ast-content-background-meta":{"desktop":{"background-color":"var(--ast-global-color-5)","background-image":"","background-repeat":"repeat","background-position":"center center","background-size":"auto","background-attachment":"scroll","background-type":"","background-media":"","overlay-type":"","overlay-color":"","overlay-opacity":"","overlay-gradient":""},"tablet":{"background-color":"var(--ast-global-color-5)","background-image":"","background-repeat":"repeat","background-position":"center center","background-size":"auto","background-attachment":"scroll","background-type":"","background-media":"","overlay-type":"","overlay-color":"","overlay-opacity":"","overlay-gradient":""},"mobile":{"background-color":"var(--ast-global-color-5)","background-image":"","background-repeat":"repeat","background-position":"center center","background-size":"auto","background-attachment":"scroll","background-type":"","background-media":"","overlay-type":"","overlay-color":"","overlay-opacity":"","overlay-gradient":""}},"footnotes":""},"class_list":["post-2732","page","type-page","status-publish","hentry"],"yoast_head":"<!-- This site is optimized with the Yoast SEO plugin v27.4 - https:\/\/yoast.com\/product\/yoast-seo-wordpress\/ -->\n<title>LeTTo &amp; Wissenschaft &#8211;<\/title>\n<meta name=\"robots\" content=\"index, follow, max-snippet:-1, max-image-preview:large, max-video-preview:-1\" \/>\n<link rel=\"canonical\" href=\"https:\/\/letto.at\/wordpress\/index.php\/letto-der-mint-performer-lernplattform\/letto-wissenschaft\/\" \/>\n<meta property=\"og:locale\" content=\"de_DE\" \/>\n<meta property=\"og:type\" content=\"article\" \/>\n<meta property=\"og:title\" content=\"LeTTo &amp; Wissenschaft &#8211;\" \/>\n<meta property=\"og:description\" content=\"Die Entwicklung von LeTTo wird wissenschaftlich begleitet. Eine Sammlung von wissenschaftlichen Arbeiten betreffend LeTTo und Einsatz von LeTTo im Unterricht werden hier zum Download bereitgestellt. Diplomarbeiten von Sch\u00fcler: innen betreffend oder mit LeTTo realisiert\" \/>\n<meta property=\"og:url\" content=\"https:\/\/letto.at\/wordpress\/index.php\/letto-der-mint-performer-lernplattform\/letto-wissenschaft\/\" \/>\n<meta property=\"article:modified_time\" content=\"2025-06-10T06:13:29+00:00\" \/>\n<meta name=\"twitter:card\" content=\"summary_large_image\" \/>\n<meta name=\"twitter:label1\" content=\"Gesch\u00e4tzte Lesezeit\" \/>\n\t<meta name=\"twitter:data1\" content=\"1 Minute\" \/>\n<script type=\"application\/ld+json\" class=\"yoast-schema-graph\">{\"@context\":\"https:\\\/\\\/schema.org\",\"@graph\":[{\"@type\":\"WebPage\",\"@id\":\"https:\\\/\\\/letto.at\\\/wordpress\\\/index.php\\\/letto-der-mint-performer-lernplattform\\\/letto-wissenschaft\\\/\",\"url\":\"https:\\\/\\\/letto.at\\\/wordpress\\\/index.php\\\/letto-der-mint-performer-lernplattform\\\/letto-wissenschaft\\\/\",\"name\":\"LeTTo & Wissenschaft &#8211;\",\"isPartOf\":{\"@id\":\"https:\\\/\\\/letto.at\\\/wordpress\\\/#website\"},\"datePublished\":\"2023-11-28T19:56:28+00:00\",\"dateModified\":\"2025-06-10T06:13:29+00:00\",\"breadcrumb\":{\"@id\":\"https:\\\/\\\/letto.at\\\/wordpress\\\/index.php\\\/letto-der-mint-performer-lernplattform\\\/letto-wissenschaft\\\/#breadcrumb\"},\"inLanguage\":\"de-AT\",\"potentialAction\":[{\"@type\":\"ReadAction\",\"target\":[\"https:\\\/\\\/letto.at\\\/wordpress\\\/index.php\\\/letto-der-mint-performer-lernplattform\\\/letto-wissenschaft\\\/\"]}]},{\"@type\":\"BreadcrumbList\",\"@id\":\"https:\\\/\\\/letto.at\\\/wordpress\\\/index.php\\\/letto-der-mint-performer-lernplattform\\\/letto-wissenschaft\\\/#breadcrumb\",\"itemListElement\":[{\"@type\":\"ListItem\",\"position\":1,\"name\":\"LeTTo die Lernplattform der Technik!\",\"item\":\"https:\\\/\\\/letto.at\\\/wordpress\\\/\"},{\"@type\":\"ListItem\",\"position\":2,\"name\":\"LeTTo &#038; Wissenschaft\"}]},{\"@type\":\"WebSite\",\"@id\":\"https:\\\/\\\/letto.at\\\/wordpress\\\/#website\",\"url\":\"https:\\\/\\\/letto.at\\\/wordpress\\\/\",\"name\":\"LeTTo - MINT Performer\",\"description\":\"Learning Evaluating Teaching Testing Online\",\"publisher\":{\"@id\":\"https:\\\/\\\/letto.at\\\/wordpress\\\/#organization\"},\"potentialAction\":[{\"@type\":\"SearchAction\",\"target\":{\"@type\":\"EntryPoint\",\"urlTemplate\":\"https:\\\/\\\/letto.at\\\/wordpress\\\/?s={search_term_string}\"},\"query-input\":{\"@type\":\"PropertyValueSpecification\",\"valueRequired\":true,\"valueName\":\"search_term_string\"}}],\"inLanguage\":\"de-AT\"},{\"@type\":\"Organization\",\"@id\":\"https:\\\/\\\/letto.at\\\/wordpress\\\/#organization\",\"name\":\"LeTTo\",\"url\":\"https:\\\/\\\/letto.at\\\/wordpress\\\/\",\"logo\":{\"@type\":\"ImageObject\",\"inLanguage\":\"de-AT\",\"@id\":\"https:\\\/\\\/letto.at\\\/wordpress\\\/#\\\/schema\\\/logo\\\/image\\\/\",\"url\":\"https:\\\/\\\/i0.wp.com\\\/letto.at\\\/wordpress\\\/wp-content\\\/uploads\\\/2020\\\/11\\\/cropped-logo-2.png?fit=600%2C363&ssl=1\",\"contentUrl\":\"https:\\\/\\\/i0.wp.com\\\/letto.at\\\/wordpress\\\/wp-content\\\/uploads\\\/2020\\\/11\\\/cropped-logo-2.png?fit=600%2C363&ssl=1\",\"width\":600,\"height\":363,\"caption\":\"LeTTo\"},\"image\":{\"@id\":\"https:\\\/\\\/letto.at\\\/wordpress\\\/#\\\/schema\\\/logo\\\/image\\\/\"},\"sameAs\":[\"https:\\\/\\\/www.youtube.com\\\/channel\\\/UCykp6jWvn-VCxwhgm7PZ4jw\"]}]}<\/script>\n<!-- \/ Yoast SEO plugin. -->","yoast_head_json":{"title":"LeTTo & Wissenschaft &#8211;","robots":{"index":"index","follow":"follow","max-snippet":"max-snippet:-1","max-image-preview":"max-image-preview:large","max-video-preview":"max-video-preview:-1"},"canonical":"https:\/\/letto.at\/wordpress\/index.php\/letto-der-mint-performer-lernplattform\/letto-wissenschaft\/","og_locale":"de_DE","og_type":"article","og_title":"LeTTo & Wissenschaft &#8211;","og_description":"Die Entwicklung von LeTTo wird wissenschaftlich begleitet. Eine Sammlung von wissenschaftlichen Arbeiten betreffend LeTTo und Einsatz von LeTTo im Unterricht werden hier zum Download bereitgestellt. Diplomarbeiten von Sch\u00fcler: innen betreffend oder mit LeTTo realisiert","og_url":"https:\/\/letto.at\/wordpress\/index.php\/letto-der-mint-performer-lernplattform\/letto-wissenschaft\/","article_modified_time":"2025-06-10T06:13:29+00:00","twitter_card":"summary_large_image","twitter_misc":{"Gesch\u00e4tzte Lesezeit":"1 Minute"},"schema":{"@context":"https:\/\/schema.org","@graph":[{"@type":"WebPage","@id":"https:\/\/letto.at\/wordpress\/index.php\/letto-der-mint-performer-lernplattform\/letto-wissenschaft\/","url":"https:\/\/letto.at\/wordpress\/index.php\/letto-der-mint-performer-lernplattform\/letto-wissenschaft\/","name":"LeTTo & Wissenschaft &#8211;","isPartOf":{"@id":"https:\/\/letto.at\/wordpress\/#website"},"datePublished":"2023-11-28T19:56:28+00:00","dateModified":"2025-06-10T06:13:29+00:00","breadcrumb":{"@id":"https:\/\/letto.at\/wordpress\/index.php\/letto-der-mint-performer-lernplattform\/letto-wissenschaft\/#breadcrumb"},"inLanguage":"de-AT","potentialAction":[{"@type":"ReadAction","target":["https:\/\/letto.at\/wordpress\/index.php\/letto-der-mint-performer-lernplattform\/letto-wissenschaft\/"]}]},{"@type":"BreadcrumbList","@id":"https:\/\/letto.at\/wordpress\/index.php\/letto-der-mint-performer-lernplattform\/letto-wissenschaft\/#breadcrumb","itemListElement":[{"@type":"ListItem","position":1,"name":"LeTTo die Lernplattform der Technik!","item":"https:\/\/letto.at\/wordpress\/"},{"@type":"ListItem","position":2,"name":"LeTTo &#038; Wissenschaft"}]},{"@type":"WebSite","@id":"https:\/\/letto.at\/wordpress\/#website","url":"https:\/\/letto.at\/wordpress\/","name":"LeTTo - MINT Performer","description":"Learning Evaluating Teaching Testing Online","publisher":{"@id":"https:\/\/letto.at\/wordpress\/#organization"},"potentialAction":[{"@type":"SearchAction","target":{"@type":"EntryPoint","urlTemplate":"https:\/\/letto.at\/wordpress\/?s={search_term_string}"},"query-input":{"@type":"PropertyValueSpecification","valueRequired":true,"valueName":"search_term_string"}}],"inLanguage":"de-AT"},{"@type":"Organization","@id":"https:\/\/letto.at\/wordpress\/#organization","name":"LeTTo","url":"https:\/\/letto.at\/wordpress\/","logo":{"@type":"ImageObject","inLanguage":"de-AT","@id":"https:\/\/letto.at\/wordpress\/#\/schema\/logo\/image\/","url":"https:\/\/i0.wp.com\/letto.at\/wordpress\/wp-content\/uploads\/2020\/11\/cropped-logo-2.png?fit=600%2C363&ssl=1","contentUrl":"https:\/\/i0.wp.com\/letto.at\/wordpress\/wp-content\/uploads\/2020\/11\/cropped-logo-2.png?fit=600%2C363&ssl=1","width":600,"height":363,"caption":"LeTTo"},"image":{"@id":"https:\/\/letto.at\/wordpress\/#\/schema\/logo\/image\/"},"sameAs":["https:\/\/www.youtube.com\/channel\/UCykp6jWvn-VCxwhgm7PZ4jw"]}]}},"uagb_featured_image_src":{"full":false,"thumbnail":false,"medium":false,"medium_large":false,"large":false,"1536x1536":false,"2048x2048":false},"uagb_author_info":{"display_name":"wpadmin","author_link":"https:\/\/build.letto.at\/wordpress\/index.php\/author\/wpadmin\/"},"uagb_comment_info":0,"uagb_excerpt":"Die Entwicklung von LeTTo wird wissenschaftlich begleitet. Eine Sammlung von wissenschaftlichen Arbeiten betreffend LeTTo und Einsatz von LeTTo im Unterricht werden hier zum Download bereitgestellt. Diplomarbeiten von Sch\u00fcler: innen betreffend oder mit LeTTo realisiert","jetpack_sharing_enabled":true,"jetpack_likes_enabled":true,"_links":{"self":[{"href":"https:\/\/build.letto.at\/wordpress\/index.php\/wp-json\/wp\/v2\/pages\/2732","targetHints":{"allow":["GET"]}}],"collection":[{"href":"https:\/\/build.letto.at\/wordpress\/index.php\/wp-json\/wp\/v2\/pages"}],"about":[{"href":"https:\/\/build.letto.at\/wordpress\/index.php\/wp-json\/wp\/v2\/types\/page"}],"author":[{"embeddable":true,"href":"https:\/\/build.letto.at\/wordpress\/index.php\/wp-json\/wp\/v2\/users\/4"}],"replies":[{"embeddable":true,"href":"https:\/\/build.letto.at\/wordpress\/index.php\/wp-json\/wp\/v2\/comments?post=2732"}],"version-history":[{"count":17,"href":"https:\/\/build.letto.at\/wordpress\/index.php\/wp-json\/wp\/v2\/pages\/2732\/revisions"}],"predecessor-version":[{"id":3470,"href":"https:\/\/build.letto.at\/wordpress\/index.php\/wp-json\/wp\/v2\/pages\/2732\/revisions\/3470"}],"up":[{"embeddable":true,"href":"https:\/\/build.letto.at\/wordpress\/index.php\/wp-json\/wp\/v2\/pages\/69"}],"wp:attachment":[{"href":"https:\/\/build.letto.at\/wordpress\/index.php\/wp-json\/wp\/v2\/media?parent=2732"}],"curies":[{"name":"wp","href":"https:\/\/api.w.org\/{rel}","templated":true}]}}