{"id":1301,"date":"2021-07-31T21:07:20","date_gmt":"2021-07-31T21:07:20","guid":{"rendered":"https:\/\/letto.at\/wordpress\/?page_id=1301"},"modified":"2021-07-31T21:40:43","modified_gmt":"2021-07-31T21:40:43","slug":"impressum","status":"publish","type":"page","link":"https:\/\/build.letto.at\/wordpress\/index.php\/impressum\/","title":{"rendered":"Impressum"},"content":{"rendered":"\n<p><strong>LeTTo GmbH<\/strong><br>Lannergasse 7<br>3151 St. Georgen am Steinfelde<br><br>Tel.: +43 650 2201402<br>E-Mail: office@letto.at<\/p>\n\n\n\n<p><strong>Firmenbuch-Eintrag<\/strong><br>Gesch\u00e4ftsf\u00fchrung: DI Mag. Dr. Daniel Asch<br>FB-Eintrag: LG St. P\u00f6lten FN 560538 x<br>UID-Nr.: ATU 77087867<\/p>\n\n\n\n<p><strong>Haftungsausschluss<\/strong><br>Die bereitgestellten Informationen auf dieser Website wurden sorgf\u00e4ltig gepr\u00fcft und werden regelm\u00e4\u00dfig aktualisiert. Jedoch kann keine Garantie daf\u00fcr \u00fcbernommen werden, dass alle Angaben zu jeder Zeit vollst\u00e4ndig, richtig und in letzter Aktualit\u00e4t dargestellt sind. Dies gilt insbesondere f\u00fcr alle Links zu anderen Websites, auf die direkt oder indirekt verwiesen wird. Alle Angaben k\u00f6nnen ohne vorherige Ank\u00fcndigung erg\u00e4nzt, entfernt oder ge\u00e4ndert werden.<\/p>\n\n\n\n<p><strong>Konzept &amp;\u00a0Layout<\/strong><br>LeTTo GmbH<\/p>\n\n\n\n<p><strong>Design &amp;\u00a0Programmierung<\/strong><br>LeTTo GmbH<\/p>\n","protected":false},"excerpt":{"rendered":"<p>LeTTo GmbHLannergasse 73151 St. Georgen am Steinfelde Tel.: +43 650 2201402E-Mail: office@letto.at Firmenbuch-EintragGesch\u00e4ftsf\u00fchrung: DI Mag. Dr. Daniel AschFB-Eintrag: LG St. P\u00f6lten FN 560538 xUID-Nr.: ATU 77087867 HaftungsausschlussDie bereitgestellten Informationen auf dieser Website wurden sorgf\u00e4ltig gepr\u00fcft und werden regelm\u00e4\u00dfig aktualisiert. Jedoch kann keine Garantie daf\u00fcr \u00fcbernommen werden, dass alle Angaben zu jeder Zeit vollst\u00e4ndig, richtig und [&hellip;]<\/p>\n","protected":false},"author":4,"featured_media":0,"parent":0,"menu_order":0,"comment_status":"closed","ping_status":"closed","template":"","meta":{"_uag_custom_page_level_css":"","site-sidebar-layout":"default","site-content-layout":"default","ast-site-content-layout":"default","site-content-style":"default","site-sidebar-style":"default","ast-global-header-display":"","ast-banner-title-visibility":"","ast-main-header-display":"","ast-hfb-above-header-display":"","ast-hfb-below-header-display":"","ast-hfb-mobile-header-display":"","site-post-title":"","ast-breadcrumbs-content":"","ast-featured-img":"","footer-sml-layout":"","theme-transparent-header-meta":"default","adv-header-id-meta":"","stick-header-meta":"","header-above-stick-meta":"","header-main-stick-meta":"","header-below-stick-meta":"","astra-migrate-meta-layouts":"default","ast-page-background-enabled":"default","ast-page-background-meta":{"desktop":{"background-color":"","background-image":"","background-repeat":"repeat","background-position":"center center","background-size":"auto","background-attachment":"scroll","background-type":"","background-media":"","overlay-type":"","overlay-color":"","overlay-opacity":"","overlay-gradient":""},"tablet":{"background-color":"","background-image":"","background-repeat":"repeat","background-position":"center center","background-size":"auto","background-attachment":"scroll","background-type":"","background-media":"","overlay-type":"","overlay-color":"","overlay-opacity":"","overlay-gradient":""},"mobile":{"background-color":"","background-image":"","background-repeat":"repeat","background-position":"center center","background-size":"auto","background-attachment":"scroll","background-type":"","background-media":"","overlay-type":"","overlay-color":"","overlay-opacity":"","overlay-gradient":""}},"ast-content-background-meta":{"desktop":{"background-color":"var(--ast-global-color-5)","background-image":"","background-repeat":"repeat","background-position":"center center","background-size":"auto","background-attachment":"scroll","background-type":"","background-media":"","overlay-type":"","overlay-color":"","overlay-opacity":"","overlay-gradient":""},"tablet":{"background-color":"var(--ast-global-color-5)","background-image":"","background-repeat":"repeat","background-position":"center center","background-size":"auto","background-attachment":"scroll","background-type":"","background-media":"","overlay-type":"","overlay-color":"","overlay-opacity":"","overlay-gradient":""},"mobile":{"background-color":"var(--ast-global-color-5)","background-image":"","background-repeat":"repeat","background-position":"center center","background-size":"auto","background-attachment":"scroll","background-type":"","background-media":"","overlay-type":"","overlay-color":"","overlay-opacity":"","overlay-gradient":""}},"footnotes":""},"class_list":["post-1301","page","type-page","status-publish","hentry"],"yoast_head":"<!-- This site is optimized with the Yoast SEO plugin v27.4 - https:\/\/yoast.com\/product\/yoast-seo-wordpress\/ -->\n<title>Impressum &#8211;<\/title>\n<meta name=\"robots\" content=\"index, follow, max-snippet:-1, max-image-preview:large, max-video-preview:-1\" \/>\n<link rel=\"canonical\" href=\"https:\/\/letto.at\/wordpress\/index.php\/impressum\/\" \/>\n<meta property=\"og:locale\" content=\"de_DE\" \/>\n<meta property=\"og:type\" content=\"article\" \/>\n<meta property=\"og:title\" content=\"Impressum &#8211;\" \/>\n<meta property=\"og:description\" content=\"LeTTo GmbHLannergasse 73151 St. Georgen am Steinfelde Tel.: +43 650 2201402E-Mail: office@letto.at Firmenbuch-EintragGesch\u00e4ftsf\u00fchrung: DI Mag. Dr. Daniel AschFB-Eintrag: LG St. P\u00f6lten FN 560538 xUID-Nr.: ATU 77087867 HaftungsausschlussDie bereitgestellten Informationen auf dieser Website wurden sorgf\u00e4ltig gepr\u00fcft und werden regelm\u00e4\u00dfig aktualisiert. Jedoch kann keine Garantie daf\u00fcr \u00fcbernommen werden, dass alle Angaben zu jeder Zeit vollst\u00e4ndig, richtig und [&hellip;]\" \/>\n<meta property=\"og:url\" content=\"https:\/\/letto.at\/wordpress\/index.php\/impressum\/\" \/>\n<meta property=\"article:modified_time\" content=\"2021-07-31T21:40:43+00:00\" \/>\n<meta name=\"twitter:card\" content=\"summary_large_image\" \/>\n<meta name=\"twitter:label1\" content=\"Gesch\u00e4tzte Lesezeit\" \/>\n\t<meta name=\"twitter:data1\" content=\"1 Minute\" \/>\n<script type=\"application\/ld+json\" class=\"yoast-schema-graph\">{\"@context\":\"https:\\\/\\\/schema.org\",\"@graph\":[{\"@type\":\"WebPage\",\"@id\":\"https:\\\/\\\/letto.at\\\/wordpress\\\/index.php\\\/impressum\\\/\",\"url\":\"https:\\\/\\\/letto.at\\\/wordpress\\\/index.php\\\/impressum\\\/\",\"name\":\"Impressum &#8211;\",\"isPartOf\":{\"@id\":\"https:\\\/\\\/letto.at\\\/wordpress\\\/#website\"},\"datePublished\":\"2021-07-31T21:07:20+00:00\",\"dateModified\":\"2021-07-31T21:40:43+00:00\",\"inLanguage\":\"de-AT\",\"potentialAction\":[{\"@type\":\"ReadAction\",\"target\":[\"https:\\\/\\\/letto.at\\\/wordpress\\\/index.php\\\/impressum\\\/\"]}]},{\"@type\":\"WebSite\",\"@id\":\"https:\\\/\\\/letto.at\\\/wordpress\\\/#website\",\"url\":\"https:\\\/\\\/letto.at\\\/wordpress\\\/\",\"name\":\"LeTTo - MINT Performer\",\"description\":\"Learning Evaluating Teaching Testing Online\",\"publisher\":{\"@id\":\"https:\\\/\\\/letto.at\\\/wordpress\\\/#organization\"},\"potentialAction\":[{\"@type\":\"SearchAction\",\"target\":{\"@type\":\"EntryPoint\",\"urlTemplate\":\"https:\\\/\\\/letto.at\\\/wordpress\\\/?s={search_term_string}\"},\"query-input\":{\"@type\":\"PropertyValueSpecification\",\"valueRequired\":true,\"valueName\":\"search_term_string\"}}],\"inLanguage\":\"de-AT\"},{\"@type\":\"Organization\",\"@id\":\"https:\\\/\\\/letto.at\\\/wordpress\\\/#organization\",\"name\":\"LeTTo\",\"url\":\"https:\\\/\\\/letto.at\\\/wordpress\\\/\",\"logo\":{\"@type\":\"ImageObject\",\"inLanguage\":\"de-AT\",\"@id\":\"https:\\\/\\\/letto.at\\\/wordpress\\\/#\\\/schema\\\/logo\\\/image\\\/\",\"url\":\"https:\\\/\\\/i0.wp.com\\\/letto.at\\\/wordpress\\\/wp-content\\\/uploads\\\/2020\\\/11\\\/cropped-logo-2.png?fit=600%2C363&ssl=1\",\"contentUrl\":\"https:\\\/\\\/i0.wp.com\\\/letto.at\\\/wordpress\\\/wp-content\\\/uploads\\\/2020\\\/11\\\/cropped-logo-2.png?fit=600%2C363&ssl=1\",\"width\":600,\"height\":363,\"caption\":\"LeTTo\"},\"image\":{\"@id\":\"https:\\\/\\\/letto.at\\\/wordpress\\\/#\\\/schema\\\/logo\\\/image\\\/\"},\"sameAs\":[\"https:\\\/\\\/www.youtube.com\\\/channel\\\/UCykp6jWvn-VCxwhgm7PZ4jw\"]}]}<\/script>\n<!-- \/ Yoast SEO plugin. -->","yoast_head_json":{"title":"Impressum &#8211;","robots":{"index":"index","follow":"follow","max-snippet":"max-snippet:-1","max-image-preview":"max-image-preview:large","max-video-preview":"max-video-preview:-1"},"canonical":"https:\/\/letto.at\/wordpress\/index.php\/impressum\/","og_locale":"de_DE","og_type":"article","og_title":"Impressum &#8211;","og_description":"LeTTo GmbHLannergasse 73151 St. Georgen am Steinfelde Tel.: +43 650 2201402E-Mail: office@letto.at Firmenbuch-EintragGesch\u00e4ftsf\u00fchrung: DI Mag. Dr. Daniel AschFB-Eintrag: LG St. P\u00f6lten FN 560538 xUID-Nr.: ATU 77087867 HaftungsausschlussDie bereitgestellten Informationen auf dieser Website wurden sorgf\u00e4ltig gepr\u00fcft und werden regelm\u00e4\u00dfig aktualisiert. Jedoch kann keine Garantie daf\u00fcr \u00fcbernommen werden, dass alle Angaben zu jeder Zeit vollst\u00e4ndig, richtig und [&hellip;]","og_url":"https:\/\/letto.at\/wordpress\/index.php\/impressum\/","article_modified_time":"2021-07-31T21:40:43+00:00","twitter_card":"summary_large_image","twitter_misc":{"Gesch\u00e4tzte Lesezeit":"1 Minute"},"schema":{"@context":"https:\/\/schema.org","@graph":[{"@type":"WebPage","@id":"https:\/\/letto.at\/wordpress\/index.php\/impressum\/","url":"https:\/\/letto.at\/wordpress\/index.php\/impressum\/","name":"Impressum &#8211;","isPartOf":{"@id":"https:\/\/letto.at\/wordpress\/#website"},"datePublished":"2021-07-31T21:07:20+00:00","dateModified":"2021-07-31T21:40:43+00:00","inLanguage":"de-AT","potentialAction":[{"@type":"ReadAction","target":["https:\/\/letto.at\/wordpress\/index.php\/impressum\/"]}]},{"@type":"WebSite","@id":"https:\/\/letto.at\/wordpress\/#website","url":"https:\/\/letto.at\/wordpress\/","name":"LeTTo - MINT Performer","description":"Learning Evaluating Teaching Testing Online","publisher":{"@id":"https:\/\/letto.at\/wordpress\/#organization"},"potentialAction":[{"@type":"SearchAction","target":{"@type":"EntryPoint","urlTemplate":"https:\/\/letto.at\/wordpress\/?s={search_term_string}"},"query-input":{"@type":"PropertyValueSpecification","valueRequired":true,"valueName":"search_term_string"}}],"inLanguage":"de-AT"},{"@type":"Organization","@id":"https:\/\/letto.at\/wordpress\/#organization","name":"LeTTo","url":"https:\/\/letto.at\/wordpress\/","logo":{"@type":"ImageObject","inLanguage":"de-AT","@id":"https:\/\/letto.at\/wordpress\/#\/schema\/logo\/image\/","url":"https:\/\/i0.wp.com\/letto.at\/wordpress\/wp-content\/uploads\/2020\/11\/cropped-logo-2.png?fit=600%2C363&ssl=1","contentUrl":"https:\/\/i0.wp.com\/letto.at\/wordpress\/wp-content\/uploads\/2020\/11\/cropped-logo-2.png?fit=600%2C363&ssl=1","width":600,"height":363,"caption":"LeTTo"},"image":{"@id":"https:\/\/letto.at\/wordpress\/#\/schema\/logo\/image\/"},"sameAs":["https:\/\/www.youtube.com\/channel\/UCykp6jWvn-VCxwhgm7PZ4jw"]}]}},"uagb_featured_image_src":{"full":false,"thumbnail":false,"medium":false,"medium_large":false,"large":false,"1536x1536":false,"2048x2048":false},"uagb_author_info":{"display_name":"wpadmin","author_link":"https:\/\/build.letto.at\/wordpress\/index.php\/author\/wpadmin\/"},"uagb_comment_info":0,"uagb_excerpt":"LeTTo GmbHLannergasse 73151 St. Georgen am Steinfelde Tel.: +43 650 2201402E-Mail: office@letto.at Firmenbuch-EintragGesch\u00e4ftsf\u00fchrung: DI Mag. Dr. Daniel AschFB-Eintrag: LG St. P\u00f6lten FN 560538 xUID-Nr.: ATU 77087867 HaftungsausschlussDie bereitgestellten Informationen auf dieser Website wurden sorgf\u00e4ltig gepr\u00fcft und werden regelm\u00e4\u00dfig aktualisiert. Jedoch kann keine Garantie daf\u00fcr \u00fcbernommen werden, dass alle Angaben zu jeder Zeit vollst\u00e4ndig, richtig und&hellip;","jetpack_sharing_enabled":true,"jetpack_likes_enabled":true,"_links":{"self":[{"href":"https:\/\/build.letto.at\/wordpress\/index.php\/wp-json\/wp\/v2\/pages\/1301","targetHints":{"allow":["GET"]}}],"collection":[{"href":"https:\/\/build.letto.at\/wordpress\/index.php\/wp-json\/wp\/v2\/pages"}],"about":[{"href":"https:\/\/build.letto.at\/wordpress\/index.php\/wp-json\/wp\/v2\/types\/page"}],"author":[{"embeddable":true,"href":"https:\/\/build.letto.at\/wordpress\/index.php\/wp-json\/wp\/v2\/users\/4"}],"replies":[{"embeddable":true,"href":"https:\/\/build.letto.at\/wordpress\/index.php\/wp-json\/wp\/v2\/comments?post=1301"}],"version-history":[{"count":4,"href":"https:\/\/build.letto.at\/wordpress\/index.php\/wp-json\/wp\/v2\/pages\/1301\/revisions"}],"predecessor-version":[{"id":1309,"href":"https:\/\/build.letto.at\/wordpress\/index.php\/wp-json\/wp\/v2\/pages\/1301\/revisions\/1309"}],"wp:attachment":[{"href":"https:\/\/build.letto.at\/wordpress\/index.php\/wp-json\/wp\/v2\/media?parent=1301"}],"curies":[{"name":"wp","href":"https:\/\/api.w.org\/{rel}","templated":true}]}}